{"id":9913,"date":"2024-04-30T10:39:18","date_gmt":"2024-04-30T08:39:18","guid":{"rendered":"https:\/\/imav-hydraulik.com\/?page_id=9913"},"modified":"2025-05-09T14:05:29","modified_gmt":"2025-05-09T12:05:29","slug":"magnetspule-imav-sp-sms","status":"publish","type":"page","link":"https:\/\/imav-hydraulik.com\/de\/hydraulik-komponenten\/verschraubungen-und-zubehoer\/spulen\/magnetspule-imav-sp-sms\/","title":{"rendered":"Magnetspule IMAV SP-SMS"},"content":{"rendered":"[vc_row type=&#8220;in_container&#8220; full_screen_row_position=&#8220;middle&#8220; column_margin=&#8220;default&#8220; equal_height=&#8220;yes&#8220; content_placement=&#8220;middle&#8220; column_direction=&#8220;default&#8220; column_direction_tablet=&#8220;default&#8220; column_direction_phone=&#8220;default&#8220; scene_position=&#8220;center&#8220; top_padding=&#8220;0px&#8220; bottom_padding=&#8220;70px&#8220; top_padding_tablet=&#8220;60px&#8220; bottom_padding_tablet=&#8220;60px&#8220; top_padding_phone=&#8220;50px&#8220; bottom_padding_phone=&#8220;50px&#8220; text_color=&#8220;dark&#8220; text_align=&#8220;left&#8220; row_border_radius=&#8220;none&#8220; row_border_radius_applies=&#8220;bg&#8220; overflow=&#8220;visible&#8220; advanced_gradient_angle=&#8220;0&#8243; overlay_strength=&#8220;0.3&#8243; gradient_direction=&#8220;left_to_right&#8220; shape_divider_position=&#8220;bottom&#8220; bg_image_animation=&#8220;none&#8220; gradient_type=&#8220;default&#8220; shape_type=&#8220;&#8220;][vc_column column_padding=&#8220;no-extra-padding&#8220; column_padding_tablet=&#8220;inherit&#8220; column_padding_phone=&#8220;inherit&#8220; column_padding_position=&#8220;all&#8220; column_element_spacing=&#8220;default&#8220; background_color_opacity=&#8220;1&#8243; background_hover_color_opacity=&#8220;1&#8243; column_shadow=&#8220;none&#8220; column_border_radius=&#8220;none&#8220; column_link_target=&#8220;_self&#8220; column_position=&#8220;default&#8220; gradient_direction=&#8220;left_to_right&#8220; overlay_strength=&#8220;0.3&#8243; width=&#8220;1\/2&#8243; tablet_width_inherit=&#8220;default&#8220; tablet_text_alignment=&#8220;default&#8220; phone_text_alignment=&#8220;default&#8220; animation_type=&#8220;default&#8220; bg_image_animation=&#8220;none&#8220; border_type=&#8220;simple&#8220; column_border_width=&#8220;none&#8220; column_border_style=&#8220;solid&#8220;][vc_row_inner column_margin=&#8220;default&#8220; column_direction=&#8220;default&#8220; column_direction_tablet=&#8220;default&#8220; column_direction_phone=&#8220;default&#8220; right_padding_desktop=&#8220;10%&#8220; right_padding_tablet=&#8220;0%&#8220; right_padding_phone=&#8220;0%&#8220; text_align=&#8220;left&#8220; row_position=&#8220;default&#8220; row_position_tablet=&#8220;inherit&#8220; row_position_phone=&#8220;inherit&#8220; overflow=&#8220;visible&#8220; pointer_events=&#8220;all&#8220;][vc_column_inner column_padding=&#8220;no-extra-padding&#8220; column_padding_tablet=&#8220;inherit&#8220; column_padding_phone=&#8220;inherit&#8220; column_padding_position=&#8220;all&#8220; column_element_spacing=&#8220;default&#8220; background_color_opacity=&#8220;1&#8243; background_hover_color_opacity=&#8220;1&#8243; column_shadow=&#8220;none&#8220; column_border_radius=&#8220;none&#8220; column_link_target=&#8220;_self&#8220; gradient_direction=&#8220;left_to_right&#8220; overlay_strength=&#8220;0.3&#8243; width=&#8220;1\/1&#8243; tablet_width_inherit=&#8220;default&#8220; animation_type=&#8220;default&#8220; bg_image_animation=&#8220;none&#8220; border_type=&#8220;simple&#8220; column_border_width=&#8220;none&#8220; column_border_style=&#8220;solid&#8220;][image_with_animation image_url=&#8220;9928&#8243; image_size=&#8220;full&#8220; animation_type=&#8220;entrance&#8220; animation=&#8220;Fade In&#8220; hover_animation=&#8220;none&#8220; alignment=&#8220;&#8220; border_radius=&#8220;none&#8220; box_shadow=&#8220;none&#8220; image_loading=&#8220;default&#8220; max_width=&#8220;100%&#8220; max_width_mobile=&#8220;default&#8220;][\/vc_column_inner][\/vc_row_inner][\/vc_column][vc_column column_padding=&#8220;no-extra-padding&#8220; column_padding_tablet=&#8220;inherit&#8220; column_padding_phone=&#8220;inherit&#8220; column_padding_position=&#8220;all&#8220; column_element_spacing=&#8220;default&#8220; background_color_opacity=&#8220;1&#8243; background_hover_color_opacity=&#8220;1&#8243; column_shadow=&#8220;none&#8220; column_border_radius=&#8220;none&#8220; column_link_target=&#8220;_self&#8220; column_position=&#8220;default&#8220; gradient_direction=&#8220;left_to_right&#8220; overlay_strength=&#8220;0.3&#8243; width=&#8220;1\/2&#8243; tablet_width_inherit=&#8220;default&#8220; tablet_text_alignment=&#8220;default&#8220; phone_text_alignment=&#8220;default&#8220; animation_type=&#8220;default&#8220; bg_image_animation=&#8220;none&#8220; border_type=&#8220;simple&#8220; column_border_width=&#8220;none&#8220; column_border_style=&#8220;solid&#8220;]        \n        <div class=\"custom_title_leftAligned blue\">\n                        <div class=\"mainContent\"><h1>IMAV Magnetspulen f\u00fcr\u00a0Einschraubventile<\/h1>\n<p>Magnetspulen der Marke IMAV sind in einem eckig-kompakten und robusten Geh\u00e4use verbaut. Diese Geh\u00e4usekonstruktion bietet einen \u00fcberdurchschnittlichen Schutz gegen Umgebungseinfl\u00fcsse bei hoher Magnetspulenleistung.<br \/>\nVerf\u00fcgbar in den Nenngr\u00f6\u00dfen von 08 und 10 sowie verschiedenen Ausf\u00fchrungen.<\/p>\n<p><strong>Lassen Sie sich von uns beraten, gemeinsam finden wir die L\u00f6sung, die perfekt zu Ihnen passt.<\/strong><\/p>\n<\/div>\n        <\/div>\n\n        [nectar_btn size=&#8220;small&#8220; button_style=&#8220;regular&#8220; button_color_2=&#8220;Extra-Color-1&#8243; solid_text_color_override=&#8220;#0a0627&#8243; icon_family=&#8220;none&#8220; text=&#8220;Jetzt beraten lassen&#8220; margin_top=&#8220;20px&#8220; url=&#8220;#kontakt&#8220;][\/vc_column][\/vc_row][vc_row type=&#8220;in_container&#8220; full_screen_row_position=&#8220;middle&#8220; column_margin=&#8220;default&#8220; column_direction=&#8220;default&#8220; column_direction_tablet=&#8220;default&#8220; column_direction_phone=&#8220;default&#8220; scene_position=&#8220;center&#8220; bottom_padding=&#8220;100px&#8220; bottom_padding_tablet=&#8220;90px&#8220; bottom_padding_phone=&#8220;80px&#8220; text_color=&#8220;dark&#8220; text_align=&#8220;left&#8220; row_border_radius=&#8220;none&#8220; row_border_radius_applies=&#8220;bg&#8220; overflow=&#8220;visible&#8220; advanced_gradient_angle=&#8220;0&#8243; overlay_strength=&#8220;0.3&#8243; gradient_direction=&#8220;left_to_right&#8220; shape_divider_position=&#8220;bottom&#8220; bg_image_animation=&#8220;none&#8220; gradient_type=&#8220;default&#8220; shape_type=&#8220;&#8220;][vc_column column_padding=&#8220;no-extra-padding&#8220; column_padding_tablet=&#8220;inherit&#8220; column_padding_phone=&#8220;inherit&#8220; column_padding_position=&#8220;all&#8220; column_element_spacing=&#8220;default&#8220; background_color_opacity=&#8220;1&#8243; background_hover_color_opacity=&#8220;1&#8243; column_shadow=&#8220;none&#8220; column_border_radius=&#8220;none&#8220; column_link_target=&#8220;_self&#8220; column_position=&#8220;default&#8220; gradient_direction=&#8220;left_to_right&#8220; overlay_strength=&#8220;0.3&#8243; width=&#8220;1\/1&#8243; tablet_width_inherit=&#8220;default&#8220; tablet_text_alignment=&#8220;default&#8220; phone_text_alignment=&#8220;default&#8220; animation_type=&#8220;default&#8220; bg_image_animation=&#8220;none&#8220; border_type=&#8220;simple&#8220; column_border_width=&#8220;none&#8220; column_border_style=&#8220;solid&#8220;]        \n        <div class=\"custom_title_centered blue\">\n                        <div class=\"mainContent\"><h2 style=\"text-align: center;\">Unsere Produkte<\/h2>\n<\/div>\n        <\/div>\n\n        [vc_row_inner column_margin=&#8220;default&#8220; column_direction=&#8220;default&#8220; column_direction_tablet=&#8220;default&#8220; column_direction_phone=&#8220;default&#8220; top_padding=&#8220;50px&#8220; text_align=&#8220;left&#8220; row_position=&#8220;default&#8220; row_position_tablet=&#8220;inherit&#8220; row_position_phone=&#8220;inherit&#8220; overflow=&#8220;visible&#8220; pointer_events=&#8220;all&#8220;][vc_column_inner column_padding=&#8220;no-extra-padding&#8220; column_padding_tablet=&#8220;inherit&#8220; column_padding_phone=&#8220;inherit&#8220; column_padding_position=&#8220;all&#8220; column_element_spacing=&#8220;default&#8220; background_color_opacity=&#8220;1&#8243; background_hover_color_opacity=&#8220;1&#8243; column_shadow=&#8220;none&#8220; column_border_radius=&#8220;none&#8220; column_link_target=&#8220;_self&#8220; advanced_gradient_angle=&#8220;0&#8243; gradient_direction=&#8220;left_to_right&#8220; overlay_strength=&#8220;0.3&#8243; width=&#8220;1\/1&#8243; tablet_width_inherit=&#8220;default&#8220; animation_type=&#8220;default&#8220; bg_image_animation=&#8220;none&#8220; border_type=&#8220;simple&#8220; column_border_width=&#8220;none&#8220; column_border_style=&#8220;solid&#8220; gradient_type=&#8220;default&#8220; offset=&#8220;vc_col-lg-offset-1 vc_col-lg-10 vc_col-md-12 vc_col-sm-offset-0 vc_col-xs-12&#8243;]        \n        <div class=\"row_related_product\">\n            <div>\n                <span><img decoding=\"async\" src=\"https:\/\/imav-hydraulik.com\/wp-content\/uploads\/2024\/04\/IMAV-Spule1-1.png\" alt=\"Example\"><\/span>\n                <img decoding=\"async\" src=\"https:\/\/imav-hydraulik.com\/wp-content\/uploads\/2023\/08\/grauer-Hintergrund.png\" alt=\"Example\">\n            <\/div>\n            <div>\n                <b class=\"produktTitle\">Magnetspule SP-SMS (BG 10)<\/b>\n                <div><ul>\n<li>Gleichspannung<br \/>\nWechselspannung<\/li>\n<li>12 \/ 24 \/ 28 Volt<br \/>\n120 \/ 240 Volt<\/li>\n<li>DG \/ DGH \/ DW<br \/>\nAG \/ AGH<\/li>\n<\/ul>\n<p>IMAV Magnetspulen der Serie SP-SMS sind f\u00fcr Danfoss Einschraubventile<br \/>\nder Baugr\u00f6\u00dfe 10. Verf\u00fcgbar in 210 und 350 bar (Hochdruck).<br \/>\nDie Spulen mit DIN Sockel sind in verschiedenen Ausf\u00fchrungen kombinierbar.<\/p>\n<p>&nbsp;<\/p>\n<p><a href=\"https:\/\/imav-hydraulik.com\/wp-content\/uploads\/2024\/07\/IMS-112-100-00-SP-SMS.pdf\" target=\"_blank\" rel=\"noopener\">Datenblatt IMS-112-100-00 herunterladen\u00a0<\/a><\/p>\n<\/div>\n            <\/div>\n        <\/div>\n\n                \n        <div class=\"row_related_product\">\n            <div>\n                <span><img decoding=\"async\" src=\"https:\/\/imav-hydraulik.com\/wp-content\/uploads\/2024\/04\/IMAV-Spule1-1.png\" alt=\"Example\"><\/span>\n                <img decoding=\"async\" src=\"https:\/\/imav-hydraulik.com\/wp-content\/uploads\/2023\/08\/grauer-Hintergrund.png\" alt=\"Example\">\n            <\/div>\n            <div>\n                <b class=\"produktTitle\">Magnetspule SP-SCS (BG 10)<\/b>\n                <div><ul>\n<li>Gleichspannung<\/li>\n<li>12 \/ 24 \/ 28 Volt<\/li>\n<li>DG \/ DY<\/li>\n<\/ul>\n<p>IMAV Magnetspulen der Serie SP-SCS sind f\u00fcr Bucher Einschraubventile<br \/>\nder Baugr\u00f6\u00dfe 10.<br \/>\nDie Spulen mit DIN Sockel sind in verschiedenen Ausf\u00fchrungen kombinierbar.<\/p>\n<p>&nbsp;<\/p>\n<p><a href=\"https:\/\/imav-hydraulik.com\/wp-content\/uploads\/2024\/06\/IMS-111-100-00-SP-SCS.pdf\" target=\"_blank\" rel=\"noopener\">Datenblatt IMS-111-100-00 herunterladen\u00a0<\/a><\/p>\n<\/div>\n            <\/div>\n        <\/div>\n\n                \n        <div class=\"row_related_product\">\n            <div>\n                <span><img decoding=\"async\" src=\"https:\/\/imav-hydraulik.com\/wp-content\/uploads\/2024\/04\/IMAV-MAgnetspile-IMS-1.png\" alt=\"Example\"><\/span>\n                <img decoding=\"async\" src=\"https:\/\/imav-hydraulik.com\/wp-content\/uploads\/2023\/08\/grauer-Hintergrund.png\" alt=\"Example\">\n            <\/div>\n            <div>\n                <b class=\"produktTitle\">Magnetspule SP-IMS<\/b>\n                <div><ul>\n<li>Baugr\u00f6\u00dfe 40 und 50<\/li>\n<li>12 \/ 24 \/ 28 Volt<\/li>\n<li>DG<\/li>\n<\/ul>\n<p>IMAV Magnetspulen der Serie SP-IMS sind f\u00fcr Hydac Einschraubventile<br \/>\nder Baugr\u00f6\u00dfen 40 und 50.<br \/>\nDie Spulen mit DIN Sockel (36er 4-Kant) sidn in verschiedenen<br \/>\nAusf\u00fchrungen kombinierbar.<\/p>\n<p>&nbsp;<\/p>\n<p><a href=\"https:\/\/imav-hydraulik.com\/wp-content\/uploads\/2024\/06\/IMS-110-400-00-SP-IMS.pdf\" target=\"_blank\" rel=\"noopener\">Datenblatt IMS-110-400-00 herunterladen\u00a0<\/a><\/p>\n<\/div>\n            <\/div>\n        <\/div>\n\n        [\/vc_column_inner][\/vc_row_inner][\/vc_column][\/vc_row][vc_row type=&#8220;in_container&#8220; full_screen_row_position=&#8220;middle&#8220; column_margin=&#8220;default&#8220; column_direction=&#8220;default&#8220; column_direction_tablet=&#8220;default&#8220; column_direction_phone=&#8220;default&#8220; scene_position=&#8220;center&#8220; text_color=&#8220;dark&#8220; text_align=&#8220;left&#8220; row_border_radius=&#8220;none&#8220; row_border_radius_applies=&#8220;bg&#8220; overflow=&#8220;visible&#8220; overlay_strength=&#8220;0.3&#8243; gradient_direction=&#8220;left_to_right&#8220; shape_divider_position=&#8220;bottom&#8220; bg_image_animation=&#8220;none&#8220;][vc_column column_padding=&#8220;no-extra-padding&#8220; column_padding_tablet=&#8220;inherit&#8220; column_padding_phone=&#8220;inherit&#8220; column_padding_position=&#8220;all&#8220; column_element_spacing=&#8220;default&#8220; background_color_opacity=&#8220;1&#8243; background_hover_color_opacity=&#8220;1&#8243; column_shadow=&#8220;none&#8220; column_border_radius=&#8220;none&#8220; column_link_target=&#8220;_self&#8220; column_position=&#8220;default&#8220; gradient_direction=&#8220;left_to_right&#8220; overlay_strength=&#8220;0.3&#8243; width=&#8220;1\/1&#8243; tablet_width_inherit=&#8220;default&#8220; tablet_text_alignment=&#8220;default&#8220; phone_text_alignment=&#8220;default&#8220; animation_type=&#8220;default&#8220; bg_image_animation=&#8220;none&#8220; border_type=&#8220;simple&#8220; column_border_width=&#8220;none&#8220; column_border_style=&#8220;solid&#8220;][nectar_global_section id=&#8220;444&#8243;][\/vc_column][\/vc_row]\n","protected":false},"excerpt":{"rendered":"<p>[vc_row type=&#8220;in_container&#8220; full_screen_row_position=&#8220;middle&#8220; column_margin=&#8220;default&#8220; equal_height=&#8220;yes&#8220; content_placement=&#8220;middle&#8220; column_direction=&#8220;default&#8220; column_direction_tablet=&#8220;default&#8220; column_direction_phone=&#8220;default&#8220; scene_position=&#8220;center&#8220; top_padding=&#8220;0px&#8220; bottom_padding=&#8220;70px&#8220; top_padding_tablet=&#8220;60px&#8220; bottom_padding_tablet=&#8220;60px&#8220; top_padding_phone=&#8220;50px&#8220; bottom_padding_phone=&#8220;50px&#8220; text_color=&#8220;dark&#8220; text_align=&#8220;left&#8220; row_border_radius=&#8220;none&#8220; row_border_radius_applies=&#8220;bg&#8220; overflow=&#8220;visible&#8220; advanced_gradient_angle=&#8220;0&#8243; overlay_strength=&#8220;0.3&#8243; gradient_direction=&#8220;left_to_right&#8220; shape_divider_position=&#8220;bottom&#8220; bg_image_animation=&#8220;none&#8220; gradient_type=&#8220;default&#8220; shape_type=&#8220;&#8220;][vc_column column_padding=&#8220;no-extra-padding&#8220; column_padding_tablet=&#8220;inherit&#8220;&#8230;<\/p>\n","protected":false},"author":3,"featured_media":0,"parent":1234,"menu_order":0,"comment_status":"closed","ping_status":"closed","template":"","meta":{"_acf_changed":false,"footnotes":""},"wf_page_folders":[47],"class_list":["post-9913","page","type-page","status-publish"],"acf":[],"yoast_head":"<!-- This site is optimized with the Yoast SEO plugin v25.3.1 - https:\/\/yoast.com\/wordpress\/plugins\/seo\/ -->\n<title>Magnetspule IMAV SP-SMS - Motrac<\/title>\n<meta name=\"description\" content=\"IMAV Magnetspulen: Leistungsstark, kompakt &amp; wetterfest \u2013 f\u00fcr Einschraubventile von Danfoss, Bucher &amp; Hydac. Jetzt beraten lassen! | IMAV Hydraulik\" \/>\n<meta name=\"robots\" content=\"index, follow, max-snippet:-1, max-image-preview:large, max-video-preview:-1\" \/>\n<link rel=\"canonical\" href=\"https:\/\/imav-hydraulik.com\/de\/hydraulik-komponenten\/verschraubungen-und-zubehoer\/spulen\/magnetspule-imav-sp-sms\/\" \/>\n<meta property=\"og:locale\" content=\"de_DE\" \/>\n<meta property=\"og:type\" content=\"article\" \/>\n<meta property=\"og:title\" content=\"Magnetspule IMAV SP-SMS - Motrac\" \/>\n<meta property=\"og:description\" content=\"IMAV Magnetspulen: Leistungsstark, kompakt &amp; wetterfest \u2013 f\u00fcr Einschraubventile von Danfoss, Bucher &amp; Hydac. Jetzt beraten lassen! | IMAV Hydraulik\" \/>\n<meta property=\"og:url\" content=\"https:\/\/imav-hydraulik.com\/de\/hydraulik-komponenten\/verschraubungen-und-zubehoer\/spulen\/magnetspule-imav-sp-sms\/\" \/>\n<meta property=\"og:site_name\" content=\"Motrac\" \/>\n<meta property=\"article:publisher\" content=\"https:\/\/www.facebook.com\/MotracHydraulics\/\" \/>\n<meta property=\"article:modified_time\" content=\"2025-05-09T12:05:29+00:00\" \/>\n<meta property=\"og:image\" content=\"https:\/\/imav-hydraulik.com\/wp-content\/uploads\/2023\/03\/og_motrac.jpg\" \/>\n\t<meta property=\"og:image:width\" content=\"1200\" \/>\n\t<meta property=\"og:image:height\" content=\"630\" \/>\n\t<meta property=\"og:image:type\" content=\"image\/jpeg\" \/>\n<meta name=\"twitter:card\" content=\"summary_large_image\" \/>\n<meta name=\"twitter:site\" content=\"@MotracIndustrie\" \/>\n<meta name=\"twitter:label1\" content=\"Gesch\u00e4tzte Lesezeit\" \/>\n\t<meta name=\"twitter:data1\" content=\"4\u00a0Minuten\" \/>\n<script type=\"application\/ld+json\" class=\"yoast-schema-graph\">{\"@context\":\"https:\/\/schema.org\",\"@graph\":[{\"@type\":\"WebPage\",\"@id\":\"https:\/\/imav-hydraulik.com\/de\/hydraulik-komponenten\/verschraubungen-und-zubehoer\/spulen\/magnetspule-imav-sp-sms\/\",\"url\":\"https:\/\/imav-hydraulik.com\/de\/hydraulik-komponenten\/verschraubungen-und-zubehoer\/spulen\/magnetspule-imav-sp-sms\/\",\"name\":\"Magnetspule IMAV SP-SMS - Motrac\",\"isPartOf\":{\"@id\":\"https:\/\/imav-hydraulik.com\/de\/#website\"},\"datePublished\":\"2024-04-30T08:39:18+00:00\",\"dateModified\":\"2025-05-09T12:05:29+00:00\",\"description\":\"IMAV Magnetspulen: Leistungsstark, kompakt & wetterfest \u2013 f\u00fcr Einschraubventile von Danfoss, Bucher & Hydac. Jetzt beraten lassen! | IMAV Hydraulik\",\"breadcrumb\":{\"@id\":\"https:\/\/imav-hydraulik.com\/de\/hydraulik-komponenten\/verschraubungen-und-zubehoer\/spulen\/magnetspule-imav-sp-sms\/#breadcrumb\"},\"inLanguage\":\"de\",\"potentialAction\":[{\"@type\":\"ReadAction\",\"target\":[\"https:\/\/imav-hydraulik.com\/de\/hydraulik-komponenten\/verschraubungen-und-zubehoer\/spulen\/magnetspule-imav-sp-sms\/\"]}]},{\"@type\":\"BreadcrumbList\",\"@id\":\"https:\/\/imav-hydraulik.com\/de\/hydraulik-komponenten\/verschraubungen-und-zubehoer\/spulen\/magnetspule-imav-sp-sms\/#breadcrumb\",\"itemListElement\":[{\"@type\":\"ListItem\",\"position\":1,\"name\":\"Home\",\"item\":\"https:\/\/imav-hydraulik.com\/de\/\"},{\"@type\":\"ListItem\",\"position\":2,\"name\":\"Hydraulik-Komponenten\",\"item\":\"https:\/\/imav-hydraulik.com\/de\/hydraulik-komponenten\/\"},{\"@type\":\"ListItem\",\"position\":3,\"name\":\"Verschraubungen und Zubeh\u00f6r\",\"item\":\"https:\/\/imav-hydraulik.com\/de\/hydraulik-komponenten\/verschraubungen-und-zubehoer\/\"},{\"@type\":\"ListItem\",\"position\":4,\"name\":\"Spulen\",\"item\":\"https:\/\/imav-hydraulik.com\/de\/hydraulik-komponenten\/verschraubungen-und-zubehoer\/spulen\/\"},{\"@type\":\"ListItem\",\"position\":5,\"name\":\"Magnetspule IMAV SP-SMS\"}]},{\"@type\":\"WebSite\",\"@id\":\"https:\/\/imav-hydraulik.com\/de\/#website\",\"url\":\"https:\/\/imav-hydraulik.com\/de\/\",\"name\":\"Motrac\",\"description\":\"Ihr zuverl\u00e4ssiger Systempartner\",\"publisher\":{\"@id\":\"https:\/\/imav-hydraulik.com\/de\/#organization\"},\"potentialAction\":[{\"@type\":\"SearchAction\",\"target\":{\"@type\":\"EntryPoint\",\"urlTemplate\":\"https:\/\/imav-hydraulik.com\/de\/?s={search_term_string}\"},\"query-input\":{\"@type\":\"PropertyValueSpecification\",\"valueRequired\":true,\"valueName\":\"search_term_string\"}}],\"inLanguage\":\"de\"},{\"@type\":\"Organization\",\"@id\":\"https:\/\/imav-hydraulik.com\/de\/#organization\",\"name\":\"Motrac\",\"url\":\"https:\/\/imav-hydraulik.com\/de\/\",\"logo\":{\"@type\":\"ImageObject\",\"inLanguage\":\"de\",\"@id\":\"https:\/\/imav-hydraulik.com\/de\/#\/schema\/logo\/image\/\",\"url\":\"https:\/\/imav-hydraulik.com\/wp-content\/uploads\/2023\/02\/motrac_logo_mobile.svg\",\"contentUrl\":\"https:\/\/imav-hydraulik.com\/wp-content\/uploads\/2023\/02\/motrac_logo_mobile.svg\",\"width\":1,\"height\":1,\"caption\":\"Motrac\"},\"image\":{\"@id\":\"https:\/\/imav-hydraulik.com\/de\/#\/schema\/logo\/image\/\"},\"sameAs\":[\"https:\/\/www.facebook.com\/MotracHydraulics\/\",\"https:\/\/x.com\/MotracIndustrie\"]}]}<\/script>\n<!-- \/ Yoast SEO plugin. -->","yoast_head_json":{"title":"Magnetspule IMAV SP-SMS - Motrac","description":"IMAV Magnetspulen: Leistungsstark, kompakt & wetterfest \u2013 f\u00fcr Einschraubventile von Danfoss, Bucher & Hydac. Jetzt beraten lassen! | IMAV Hydraulik","robots":{"index":"index","follow":"follow","max-snippet":"max-snippet:-1","max-image-preview":"max-image-preview:large","max-video-preview":"max-video-preview:-1"},"canonical":"https:\/\/imav-hydraulik.com\/de\/hydraulik-komponenten\/verschraubungen-und-zubehoer\/spulen\/magnetspule-imav-sp-sms\/","og_locale":"de_DE","og_type":"article","og_title":"Magnetspule IMAV SP-SMS - Motrac","og_description":"IMAV Magnetspulen: Leistungsstark, kompakt & wetterfest \u2013 f\u00fcr Einschraubventile von Danfoss, Bucher & Hydac. Jetzt beraten lassen! | IMAV Hydraulik","og_url":"https:\/\/imav-hydraulik.com\/de\/hydraulik-komponenten\/verschraubungen-und-zubehoer\/spulen\/magnetspule-imav-sp-sms\/","og_site_name":"Motrac","article_publisher":"https:\/\/www.facebook.com\/MotracHydraulics\/","article_modified_time":"2025-05-09T12:05:29+00:00","og_image":[{"width":1200,"height":630,"url":"https:\/\/imav-hydraulik.com\/wp-content\/uploads\/2023\/03\/og_motrac.jpg","type":"image\/jpeg"}],"twitter_card":"summary_large_image","twitter_site":"@MotracIndustrie","twitter_misc":{"Gesch\u00e4tzte Lesezeit":"4\u00a0Minuten"},"schema":{"@context":"https:\/\/schema.org","@graph":[{"@type":"WebPage","@id":"https:\/\/imav-hydraulik.com\/de\/hydraulik-komponenten\/verschraubungen-und-zubehoer\/spulen\/magnetspule-imav-sp-sms\/","url":"https:\/\/imav-hydraulik.com\/de\/hydraulik-komponenten\/verschraubungen-und-zubehoer\/spulen\/magnetspule-imav-sp-sms\/","name":"Magnetspule IMAV SP-SMS - Motrac","isPartOf":{"@id":"https:\/\/imav-hydraulik.com\/de\/#website"},"datePublished":"2024-04-30T08:39:18+00:00","dateModified":"2025-05-09T12:05:29+00:00","description":"IMAV Magnetspulen: Leistungsstark, kompakt & wetterfest \u2013 f\u00fcr Einschraubventile von Danfoss, Bucher & Hydac. Jetzt beraten lassen! | IMAV Hydraulik","breadcrumb":{"@id":"https:\/\/imav-hydraulik.com\/de\/hydraulik-komponenten\/verschraubungen-und-zubehoer\/spulen\/magnetspule-imav-sp-sms\/#breadcrumb"},"inLanguage":"de","potentialAction":[{"@type":"ReadAction","target":["https:\/\/imav-hydraulik.com\/de\/hydraulik-komponenten\/verschraubungen-und-zubehoer\/spulen\/magnetspule-imav-sp-sms\/"]}]},{"@type":"BreadcrumbList","@id":"https:\/\/imav-hydraulik.com\/de\/hydraulik-komponenten\/verschraubungen-und-zubehoer\/spulen\/magnetspule-imav-sp-sms\/#breadcrumb","itemListElement":[{"@type":"ListItem","position":1,"name":"Home","item":"https:\/\/imav-hydraulik.com\/de\/"},{"@type":"ListItem","position":2,"name":"Hydraulik-Komponenten","item":"https:\/\/imav-hydraulik.com\/de\/hydraulik-komponenten\/"},{"@type":"ListItem","position":3,"name":"Verschraubungen und Zubeh\u00f6r","item":"https:\/\/imav-hydraulik.com\/de\/hydraulik-komponenten\/verschraubungen-und-zubehoer\/"},{"@type":"ListItem","position":4,"name":"Spulen","item":"https:\/\/imav-hydraulik.com\/de\/hydraulik-komponenten\/verschraubungen-und-zubehoer\/spulen\/"},{"@type":"ListItem","position":5,"name":"Magnetspule IMAV SP-SMS"}]},{"@type":"WebSite","@id":"https:\/\/imav-hydraulik.com\/de\/#website","url":"https:\/\/imav-hydraulik.com\/de\/","name":"Motrac","description":"Ihr zuverl\u00e4ssiger Systempartner","publisher":{"@id":"https:\/\/imav-hydraulik.com\/de\/#organization"},"potentialAction":[{"@type":"SearchAction","target":{"@type":"EntryPoint","urlTemplate":"https:\/\/imav-hydraulik.com\/de\/?s={search_term_string}"},"query-input":{"@type":"PropertyValueSpecification","valueRequired":true,"valueName":"search_term_string"}}],"inLanguage":"de"},{"@type":"Organization","@id":"https:\/\/imav-hydraulik.com\/de\/#organization","name":"Motrac","url":"https:\/\/imav-hydraulik.com\/de\/","logo":{"@type":"ImageObject","inLanguage":"de","@id":"https:\/\/imav-hydraulik.com\/de\/#\/schema\/logo\/image\/","url":"https:\/\/imav-hydraulik.com\/wp-content\/uploads\/2023\/02\/motrac_logo_mobile.svg","contentUrl":"https:\/\/imav-hydraulik.com\/wp-content\/uploads\/2023\/02\/motrac_logo_mobile.svg","width":1,"height":1,"caption":"Motrac"},"image":{"@id":"https:\/\/imav-hydraulik.com\/de\/#\/schema\/logo\/image\/"},"sameAs":["https:\/\/www.facebook.com\/MotracHydraulics\/","https:\/\/x.com\/MotracIndustrie"]}]}},"_links":{"self":[{"href":"https:\/\/imav-hydraulik.com\/de\/wp-json\/wp\/v2\/pages\/9913","targetHints":{"allow":["GET"]}}],"collection":[{"href":"https:\/\/imav-hydraulik.com\/de\/wp-json\/wp\/v2\/pages"}],"about":[{"href":"https:\/\/imav-hydraulik.com\/de\/wp-json\/wp\/v2\/types\/page"}],"author":[{"embeddable":true,"href":"https:\/\/imav-hydraulik.com\/de\/wp-json\/wp\/v2\/users\/3"}],"replies":[{"embeddable":true,"href":"https:\/\/imav-hydraulik.com\/de\/wp-json\/wp\/v2\/comments?post=9913"}],"version-history":[{"count":12,"href":"https:\/\/imav-hydraulik.com\/de\/wp-json\/wp\/v2\/pages\/9913\/revisions"}],"predecessor-version":[{"id":10190,"href":"https:\/\/imav-hydraulik.com\/de\/wp-json\/wp\/v2\/pages\/9913\/revisions\/10190"}],"up":[{"embeddable":true,"href":"https:\/\/imav-hydraulik.com\/de\/wp-json\/wp\/v2\/pages\/1234"}],"wp:attachment":[{"href":"https:\/\/imav-hydraulik.com\/de\/wp-json\/wp\/v2\/media?parent=9913"}],"wp:term":[{"taxonomy":"wf_page_folders","embeddable":true,"href":"https:\/\/imav-hydraulik.com\/de\/wp-json\/wp\/v2\/wf_page_folders?post=9913"}],"curies":[{"name":"wp","href":"https:\/\/api.w.org\/{rel}","templated":true}]}}