{"id":4245,"date":"2023-08-02T15:08:01","date_gmt":"2023-08-02T13:08:01","guid":{"rendered":"http:\/\/imav-hydraulik.com\/?page_id=4245"},"modified":"2024-03-04T13:54:52","modified_gmt":"2024-03-04T12:54:52","slug":"axialkolbenmotoren-hmr-02","status":"publish","type":"page","link":"https:\/\/imav-hydraulik.com\/de\/linde-hydraulik\/linde-motoren\/axialkolbenmotoren-hmr-02\/","title":{"rendered":"Axialkolbenmotoren HMR-02"},"content":{"rendered":"[vc_row type=&#8220;full_width_background&#8220; full_screen_row_position=&#8220;middle&#8220; column_margin=&#8220;default&#8220; equal_height=&#8220;yes&#8220; content_placement=&#8220;middle&#8220; column_direction=&#8220;default&#8220; column_direction_tablet=&#8220;default&#8220; column_direction_phone=&#8220;default&#8220; bg_image=&#8220;4255&#8243; bg_position=&#8220;center center&#8220; background_image_loading=&#8220;default&#8220; bg_repeat=&#8220;no-repeat&#8220; scene_position=&#8220;center&#8220; text_color=&#8220;dark&#8220; text_align=&#8220;left&#8220; row_border_radius=&#8220;none&#8220; row_border_radius_applies=&#8220;bg&#8220; overflow=&#8220;visible&#8220; class=&#8220;row_gallery&#8220; id=&#8220;row_cleanImageLeft_contentRight&#8220; advanced_gradient_angle=&#8220;0&#8243; overlay_strength=&#8220;0.3&#8243; gradient_direction=&#8220;left_to_right&#8220; shape_divider_position=&#8220;bottom&#8220; bg_image_animation=&#8220;none&#8220; gradient_type=&#8220;default&#8220; shape_type=&#8220;&#8220;][vc_column column_padding=&#8220;no-extra-padding&#8220; column_padding_tablet=&#8220;inherit&#8220; column_padding_phone=&#8220;inherit&#8220; column_padding_position=&#8220;all&#8220; column_element_spacing=&#8220;default&#8220; background_color_opacity=&#8220;1&#8243; background_hover_color_opacity=&#8220;1&#8243; column_shadow=&#8220;none&#8220; column_border_radius=&#8220;none&#8220; column_link_target=&#8220;_self&#8220; column_position=&#8220;default&#8220; el_class=&#8220;gallery_column&#8220; advanced_gradient_angle=&#8220;0&#8243; gradient_direction=&#8220;left_to_right&#8220; overlay_strength=&#8220;0.3&#8243; width=&#8220;1\/2&#8243; tablet_width_inherit=&#8220;default&#8220; tablet_text_alignment=&#8220;default&#8220; phone_text_alignment=&#8220;default&#8220; animation_type=&#8220;default&#8220; bg_image_animation=&#8220;none&#8220; border_type=&#8220;simple&#8220; column_border_width=&#8220;none&#8220; column_border_style=&#8220;solid&#8220; gradient_type=&#8220;default&#8220;]  <div class=\"carousel-section\" style=\"position:relative;\">\n\n            <div id=\"lightgallery\">\n              \n                                  <a href=\"https:\/\/imav-hydraulik.com\/wp-content\/uploads\/2023\/08\/HMR105.png\">\n                    <img decoding=\"async\" src=\"https:\/\/imav-hydraulik.com\/wp-content\/uploads\/2023\/08\/HMR105.png\" alt=\"Regelmotor f\u00fcr den offenen und geschlossenen Kreislauf von Linde.\" \/>\n                  <\/a>\n                                    <a href=\"https:\/\/imav-hydraulik.com\/wp-content\/uploads\/2023\/08\/HMR105a.png\">\n                    <img decoding=\"async\" src=\"https:\/\/imav-hydraulik.com\/wp-content\/uploads\/2023\/08\/HMR105a.png\" alt=\"Regelmotor Serie HMR-105 von Linde bei Motrac Hydraulic.\" \/>\n                  <\/a>\n                                    <a href=\"https:\/\/imav-hydraulik.com\/wp-content\/uploads\/2023\/08\/HMR165.png\">\n                    <img decoding=\"async\" src=\"https:\/\/imav-hydraulik.com\/wp-content\/uploads\/2023\/08\/HMR165.png\" alt=\"Regelmotor HMR-165 von Linde f\u00fcr den offenen und geschlossenen Kreislauf.\" \/>\n                  <\/a>\n                                    <a href=\"https:\/\/imav-hydraulik.com\/wp-content\/uploads\/2023\/08\/HMR135.png\">\n                    <img decoding=\"async\" src=\"https:\/\/imav-hydraulik.com\/wp-content\/uploads\/2023\/08\/HMR135.png\" alt=\"Regelmotor Serie HMR-135 von Linde bei Motrac Hydraulic.\" \/>\n                  <\/a>\n                                \n\n              \n\n              \n\n            <\/div>\n\n            \n\n          \n  <\/div>\n  \n  \n  \n  [\/vc_column][vc_column column_padding=&#8220;no-extra-padding&#8220; column_padding_tablet=&#8220;inherit&#8220; column_padding_phone=&#8220;inherit&#8220; column_padding_position=&#8220;all&#8220; column_element_spacing=&#8220;default&#8220; background_color_opacity=&#8220;1&#8243; background_hover_color_opacity=&#8220;1&#8243; column_shadow=&#8220;none&#8220; column_border_radius=&#8220;none&#8220; column_link_target=&#8220;_self&#8220; column_position=&#8220;default&#8220; gradient_direction=&#8220;left_to_right&#8220; overlay_strength=&#8220;0.3&#8243; width=&#8220;1\/2&#8243; tablet_width_inherit=&#8220;default&#8220; tablet_text_alignment=&#8220;default&#8220; phone_text_alignment=&#8220;default&#8220; animation_type=&#8220;default&#8220; bg_image_animation=&#8220;none&#8220; border_type=&#8220;simple&#8220; column_border_width=&#8220;none&#8220; column_border_style=&#8220;solid&#8220;][vc_row_inner column_margin=&#8220;default&#8220; column_direction=&#8220;default&#8220; column_direction_tablet=&#8220;default&#8220; column_direction_phone=&#8220;default&#8220; top_padding=&#8220;80px&#8220; bottom_padding=&#8220;80px&#8220; left_padding_desktop=&#8220;80px&#8220; right_padding_desktop=&#8220;80px&#8220; top_padding_tablet=&#8220;70px&#8220; bottom_padding_tablet=&#8220;70px&#8220; left_padding_tablet=&#8220;60px&#8220; right_padding_tablet=&#8220;60px&#8220; top_padding_phone=&#8220;50px&#8220; bottom_padding_phone=&#8220;50px&#8220; left_padding_phone=&#8220;0px&#8220; right_padding_phone=&#8220;0px&#8220; text_align=&#8220;left&#8220; row_position=&#8220;default&#8220; row_position_tablet=&#8220;inherit&#8220; row_position_phone=&#8220;inherit&#8220; overflow=&#8220;visible&#8220; pointer_events=&#8220;all&#8220;][vc_column_inner column_padding=&#8220;no-extra-padding&#8220; column_padding_tablet=&#8220;inherit&#8220; column_padding_phone=&#8220;inherit&#8220; column_padding_position=&#8220;all&#8220; column_element_spacing=&#8220;default&#8220; background_color_opacity=&#8220;1&#8243; background_hover_color_opacity=&#8220;1&#8243; column_shadow=&#8220;none&#8220; column_border_radius=&#8220;none&#8220; column_link_target=&#8220;_self&#8220; gradient_direction=&#8220;left_to_right&#8220; overlay_strength=&#8220;0.3&#8243; width=&#8220;1\/1&#8243; tablet_width_inherit=&#8220;default&#8220; animation_type=&#8220;default&#8220; bg_image_animation=&#8220;none&#8220; border_type=&#8220;simple&#8220; column_border_width=&#8220;none&#8220; column_border_style=&#8220;solid&#8220;]        \n        <div class=\"custom_title_leftAligned blue\">\n                        <div class=\"mainContent\"><h1>Regelmotoren f\u00fcr den offenen und geschlossenen Kreislauf<\/h1>\n<p>Axialkolbenmotoren in Schr\u00e4gscheibenbauweise in den Nenngr\u00f6\u00dfen 55 &#8211; 280 cm\u00b3 und mit optional verwendbaren Hochdruckventilen.<\/p>\n<p>Vorteile durch eine hohe Leistungsdicht, Stelldynamik sowie Zuverl\u00e4ssigkeit.<\/p>\n<p>Als zertifizierter Systempartner bieten wir Tandem- und Mehrfachpumpen sowie wie individuelle Modifizierungen an.<\/p>\n<\/div>\n        <\/div>\n\n        [nectar_btn size=&#8220;small&#8220; button_style=&#8220;regular&#8220; button_color_2=&#8220;Extra-Color-1&#8243; solid_text_color_override=&#8220;#0a0627&#8243; icon_family=&#8220;none&#8220; text=&#8220;Jetzt beraten lassen&#8220; url=&#8220;\/#kontakt&#8220;][\/vc_column_inner][\/vc_row_inner][\/vc_column][\/vc_row][vc_row type=&#8220;full_width_background&#8220; full_screen_row_position=&#8220;middle&#8220; column_margin=&#8220;default&#8220; column_direction=&#8220;default&#8220; column_direction_tablet=&#8220;default&#8220; column_direction_phone=&#8220;default&#8220; bg_color=&#8220;#f1f1f3&#8243; scene_position=&#8220;center&#8220; top_padding=&#8220;100px&#8220; bottom_padding=&#8220;80px&#8220; left_padding_desktop=&#8220;10%&#8220; right_padding_desktop=&#8220;10%&#8220; top_padding_tablet=&#8220;90px&#8220; bottom_padding_tablet=&#8220;80px&#8220; top_padding_phone=&#8220;80px&#8220; bottom_padding_phone=&#8220;70px&#8220; left_padding_phone=&#8220;0%&#8220; right_padding_phone=&#8220;0%&#8220; top_margin=&#8220;100px&#8220; bottom_margin=&#8220;100px&#8220; top_margin_tablet=&#8220;90px&#8220; bottom_margin_tablet=&#8220;90px&#8220; top_margin_phone=&#8220;80px&#8220; bottom_margin_phone=&#8220;80px&#8220; text_color=&#8220;dark&#8220; text_align=&#8220;left&#8220; row_border_radius=&#8220;none&#8220; row_border_radius_applies=&#8220;bg&#8220; overflow=&#8220;visible&#8220; class=&#8220;row_image_floating_right produkt&#8220; id=&#8220;counter_row&#8220; advanced_gradient_angle=&#8220;0&#8243; overlay_strength=&#8220;0.3&#8243; gradient_direction=&#8220;left_to_right&#8220; shape_divider_position=&#8220;bottom&#8220; bg_image_animation=&#8220;none&#8220; gradient_type=&#8220;default&#8220; shape_type=&#8220;&#8220;][vc_column column_padding=&#8220;no-extra-padding&#8220; column_padding_tablet=&#8220;inherit&#8220; column_padding_phone=&#8220;inherit&#8220; column_padding_position=&#8220;all&#8220; column_element_spacing=&#8220;default&#8220; background_color_opacity=&#8220;1&#8243; background_hover_color_opacity=&#8220;1&#8243; column_shadow=&#8220;none&#8220; column_border_radius=&#8220;none&#8220; column_link_target=&#8220;_self&#8220; column_position=&#8220;default&#8220; advanced_gradient_angle=&#8220;0&#8243; gradient_direction=&#8220;left_to_right&#8220; overlay_strength=&#8220;0.3&#8243; width=&#8220;2\/3&#8243; tablet_width_inherit=&#8220;default&#8220; tablet_text_alignment=&#8220;default&#8220; phone_text_alignment=&#8220;default&#8220; animation_type=&#8220;default&#8220; bg_image_animation=&#8220;none&#8220; border_type=&#8220;simple&#8220; column_border_width=&#8220;none&#8220; column_border_style=&#8220;solid&#8220; gradient_type=&#8220;default&#8220;]        \n        <div class=\"custom_title_leftAligned blue\">\n                            <p class=\"overline\">Linde Serie HMR-02<\/p>\n                        <div class=\"mainContent\"><h2>Regelmotoren<br \/>\nf\u00fcr den offenen<br \/>\nund geschlossenen<br \/>\nKreislauf<\/h2>\n<\/div>\n        <\/div>\n\n        [vc_row_inner column_margin=&#8220;default&#8220; column_direction=&#8220;default&#8220; column_direction_tablet=&#8220;default&#8220; column_direction_phone=&#8220;default&#8220; text_align=&#8220;left&#8220; row_position=&#8220;default&#8220; row_position_tablet=&#8220;inherit&#8220; row_position_phone=&#8220;inherit&#8220; overflow=&#8220;visible&#8220; pointer_events=&#8220;all&#8220; css=&#8220;.vc_custom_1676539246858{margin-top: 50px !important;margin-bottom: 0px !important;border-bottom-width: 0px !important;padding-bottom: 0px !important;background-color: #312783 !important;}&#8220;][vc_column_inner column_padding=&#8220;padding-7-percent&#8220; column_padding_tablet=&#8220;padding-7-percent&#8220; column_padding_phone=&#8220;padding-5-percent&#8220; column_padding_position=&#8220;all&#8220; column_element_spacing=&#8220;default&#8220; background_color_opacity=&#8220;1&#8243; background_hover_color_opacity=&#8220;1&#8243; font_color=&#8220;#ffffff&#8220; column_shadow=&#8220;none&#8220; column_border_radius=&#8220;none&#8220; column_link_target=&#8220;_self&#8220; advanced_gradient_angle=&#8220;0&#8243; gradient_direction=&#8220;left_to_right&#8220; overlay_strength=&#8220;0.3&#8243; width=&#8220;1\/1&#8243; tablet_width_inherit=&#8220;default&#8220; animation_type=&#8220;default&#8220; bg_image_animation=&#8220;none&#8220; border_type=&#8220;simple&#8220; column_border_width=&#8220;none&#8220; column_border_style=&#8220;solid&#8220; gradient_type=&#8220;default&#8220;][vc_column_text]In konventionellen Fahrantrieben kann das Drehmoment des Hydromotors nur \u00fcber ein Verteilergetriebe auf die Kardanwelle \u00fcbertragen werden. Um den Antriebsstrang weiter zu vereinfachen, wurde der PTO-Motor entwickelt. Basis ist ein Standard Hydromotor der Linde Baureihe 02, wobei hier, abweichend vom Standard, zwei Wellenenden zur Verf\u00fcgung stehen. Durch diesen Vorteil kann der Hydromotor direkt und unmittelbar in den Antriebsstrang eingeplant werden. Neben dem eingespartem Bauraum, entf\u00e4llt auch das \u00fcblicherweise ben\u00f6tigte Verteilergetriebe.<\/p>\n<p>&nbsp;<\/p>\n<div class=\"row\"><\/div>\n[\/vc_column_text][nectar_btn size=&#8220;small&#8220; button_style=&#8220;regular&#8220; button_color_2=&#8220;Extra-Color-1&#8243; solid_text_color_override=&#8220;#0a0627&#8243; icon_family=&#8220;none&#8220; el_class=&#8220;popup_openBTN&#8220; text=&#8220;Prospekte Downloaden&#8220; margin_top=&#8220;20px&#8220; url=&#8220;#&#8220; margin_bottom=&#8220;40px&#8220;][\/vc_column_inner][\/vc_row_inner][\/vc_column][vc_column column_padding=&#8220;no-extra-padding&#8220; column_padding_tablet=&#8220;inherit&#8220; column_padding_phone=&#8220;inherit&#8220; column_padding_position=&#8220;all&#8220; column_element_spacing=&#8220;default&#8220; background_color_opacity=&#8220;1&#8243; background_hover_color_opacity=&#8220;1&#8243; column_shadow=&#8220;none&#8220; column_border_radius=&#8220;none&#8220; column_link_target=&#8220;_self&#8220; column_position=&#8220;default&#8220; advanced_gradient_angle=&#8220;0&#8243; gradient_direction=&#8220;left_to_right&#8220; overlay_strength=&#8220;0.3&#8243; width=&#8220;5\/12&#8243; tablet_width_inherit=&#8220;default&#8220; tablet_text_alignment=&#8220;default&#8220; phone_text_alignment=&#8220;default&#8220; animation_type=&#8220;default&#8220; bg_image_animation=&#8220;none&#8220; border_type=&#8220;simple&#8220; column_border_width=&#8220;none&#8220; column_border_style=&#8220;solid&#8220; gradient_type=&#8220;default&#8220;][image_with_animation image_url=&#8220;4253&#8243; image_size=&#8220;full&#8220; animation_type=&#8220;entrance&#8220; animation=&#8220;Fade In&#8220; hover_animation=&#8220;none&#8220; alignment=&#8220;&#8220; border_radius=&#8220;none&#8220; box_shadow=&#8220;none&#8220; image_loading=&#8220;default&#8220; max_width=&#8220;100%&#8220; max_width_mobile=&#8220;default&#8220;][\/vc_column][\/vc_row][vc_row type=&#8220;in_container&#8220; full_screen_row_position=&#8220;middle&#8220; column_margin=&#8220;default&#8220; column_direction=&#8220;default&#8220; column_direction_tablet=&#8220;default&#8220; column_direction_phone=&#8220;default&#8220; scene_position=&#8220;center&#8220; text_color=&#8220;dark&#8220; text_align=&#8220;left&#8220; row_border_radius=&#8220;none&#8220; row_border_radius_applies=&#8220;bg&#8220; overflow=&#8220;visible&#8220; overlay_strength=&#8220;0.3&#8243; gradient_direction=&#8220;left_to_right&#8220; shape_divider_position=&#8220;bottom&#8220; bg_image_animation=&#8220;none&#8220;][vc_column column_padding=&#8220;no-extra-padding&#8220; column_padding_tablet=&#8220;inherit&#8220; column_padding_phone=&#8220;inherit&#8220; column_padding_position=&#8220;all&#8220; column_element_spacing=&#8220;default&#8220; background_color_opacity=&#8220;1&#8243; background_hover_color_opacity=&#8220;1&#8243; column_shadow=&#8220;none&#8220; column_border_radius=&#8220;none&#8220; column_link_target=&#8220;_self&#8220; column_position=&#8220;default&#8220; gradient_direction=&#8220;left_to_right&#8220; overlay_strength=&#8220;0.3&#8243; width=&#8220;1\/1&#8243; tablet_width_inherit=&#8220;default&#8220; tablet_text_alignment=&#8220;default&#8220; phone_text_alignment=&#8220;default&#8220; animation_type=&#8220;default&#8220; bg_image_animation=&#8220;none&#8220; border_type=&#8220;simple&#8220; column_border_width=&#8220;none&#8220; column_border_style=&#8220;solid&#8220;][nectar_global_section id=&#8220;444&#8243;][\/vc_column][\/vc_row]\n","protected":false},"excerpt":{"rendered":"<p>[vc_row type=&#8220;full_width_background&#8220; full_screen_row_position=&#8220;middle&#8220; column_margin=&#8220;default&#8220; equal_height=&#8220;yes&#8220; content_placement=&#8220;middle&#8220; column_direction=&#8220;default&#8220; column_direction_tablet=&#8220;default&#8220; column_direction_phone=&#8220;default&#8220; bg_image=&#8220;4255&#8243; bg_position=&#8220;center center&#8220; background_image_loading=&#8220;default&#8220; bg_repeat=&#8220;no-repeat&#8220; scene_position=&#8220;center&#8220; text_color=&#8220;dark&#8220; text_align=&#8220;left&#8220; row_border_radius=&#8220;none&#8220; row_border_radius_applies=&#8220;bg&#8220; overflow=&#8220;visible&#8220; class=&#8220;row_gallery&#8220; id=&#8220;row_cleanImageLeft_contentRight&#8220; advanced_gradient_angle=&#8220;0&#8243; overlay_strength=&#8220;0.3&#8243; gradient_direction=&#8220;left_to_right&#8220; shape_divider_position=&#8220;bottom&#8220; bg_image_animation=&#8220;none&#8220; gradient_type=&#8220;default&#8220; shape_type=&#8220;&#8220;][vc_column column_padding=&#8220;no-extra-padding&#8220;&#8230;<\/p>\n","protected":false},"author":3,"featured_media":0,"parent":978,"menu_order":0,"comment_status":"closed","ping_status":"closed","template":"","meta":{"_acf_changed":false,"footnotes":""},"wf_page_folders":[49],"class_list":["post-4245","page","type-page","status-publish"],"acf":[],"yoast_head":"<!-- This site is optimized with the Yoast SEO plugin v25.3.1 - https:\/\/yoast.com\/wordpress\/plugins\/seo\/ -->\n<title>HMR Regelmotoren von Linde | IMAV Hydraulik<\/title>\n<meta name=\"description\" content=\"HMR Regelmotoren von Linde Hydraulics bei IMAV entdecken.\" \/>\n<meta name=\"robots\" content=\"index, follow, max-snippet:-1, max-image-preview:large, max-video-preview:-1\" \/>\n<link rel=\"canonical\" href=\"https:\/\/imav-hydraulik.com\/de\/linde-hydraulik\/linde-motoren\/axialkolbenmotoren-hmr-02\/\" \/>\n<meta property=\"og:locale\" content=\"de_DE\" \/>\n<meta property=\"og:type\" content=\"article\" \/>\n<meta property=\"og:title\" content=\"HMR Regelmotoren von Linde | IMAV Hydraulik\" \/>\n<meta property=\"og:description\" content=\"HMR Regelmotoren von Linde Hydraulics bei IMAV entdecken.\" \/>\n<meta property=\"og:url\" content=\"https:\/\/imav-hydraulik.com\/de\/linde-hydraulik\/linde-motoren\/axialkolbenmotoren-hmr-02\/\" \/>\n<meta property=\"og:site_name\" content=\"Motrac\" \/>\n<meta property=\"article:publisher\" content=\"https:\/\/www.facebook.com\/MotracHydraulics\/\" \/>\n<meta property=\"article:modified_time\" content=\"2024-03-04T12:54:52+00:00\" \/>\n<meta property=\"og:image\" content=\"https:\/\/imav-hydraulik.com\/wp-content\/uploads\/2023\/03\/og_motrac.jpg\" \/>\n\t<meta property=\"og:image:width\" content=\"1200\" \/>\n\t<meta property=\"og:image:height\" content=\"630\" \/>\n\t<meta property=\"og:image:type\" content=\"image\/jpeg\" \/>\n<meta name=\"twitter:card\" content=\"summary_large_image\" \/>\n<meta name=\"twitter:site\" content=\"@MotracIndustrie\" \/>\n<meta name=\"twitter:label1\" content=\"Gesch\u00e4tzte Lesezeit\" \/>\n\t<meta name=\"twitter:data1\" content=\"3\u00a0Minuten\" \/>\n<script type=\"application\/ld+json\" class=\"yoast-schema-graph\">{\"@context\":\"https:\/\/schema.org\",\"@graph\":[{\"@type\":\"WebPage\",\"@id\":\"https:\/\/imav-hydraulik.com\/de\/linde-hydraulik\/linde-motoren\/axialkolbenmotoren-hmr-02\/\",\"url\":\"https:\/\/imav-hydraulik.com\/de\/linde-hydraulik\/linde-motoren\/axialkolbenmotoren-hmr-02\/\",\"name\":\"HMR Regelmotoren von Linde | IMAV Hydraulik\",\"isPartOf\":{\"@id\":\"https:\/\/imav-hydraulik.com\/de\/#website\"},\"datePublished\":\"2023-08-02T13:08:01+00:00\",\"dateModified\":\"2024-03-04T12:54:52+00:00\",\"description\":\"HMR Regelmotoren von Linde Hydraulics bei IMAV entdecken.\",\"breadcrumb\":{\"@id\":\"https:\/\/imav-hydraulik.com\/de\/linde-hydraulik\/linde-motoren\/axialkolbenmotoren-hmr-02\/#breadcrumb\"},\"inLanguage\":\"de\",\"potentialAction\":[{\"@type\":\"ReadAction\",\"target\":[\"https:\/\/imav-hydraulik.com\/de\/linde-hydraulik\/linde-motoren\/axialkolbenmotoren-hmr-02\/\"]}]},{\"@type\":\"BreadcrumbList\",\"@id\":\"https:\/\/imav-hydraulik.com\/de\/linde-hydraulik\/linde-motoren\/axialkolbenmotoren-hmr-02\/#breadcrumb\",\"itemListElement\":[{\"@type\":\"ListItem\",\"position\":1,\"name\":\"Home\",\"item\":\"https:\/\/imav-hydraulik.com\/de\/\"},{\"@type\":\"ListItem\",\"position\":2,\"name\":\"Linde Hydraulik\",\"item\":\"https:\/\/imav-hydraulik.com\/de\/linde-hydraulik\/\"},{\"@type\":\"ListItem\",\"position\":3,\"name\":\"Linde Motoren\",\"item\":\"https:\/\/imav-hydraulik.com\/de\/linde-hydraulik\/linde-motoren\/\"},{\"@type\":\"ListItem\",\"position\":4,\"name\":\"Axialkolbenmotoren HMR-02\"}]},{\"@type\":\"WebSite\",\"@id\":\"https:\/\/imav-hydraulik.com\/de\/#website\",\"url\":\"https:\/\/imav-hydraulik.com\/de\/\",\"name\":\"Motrac\",\"description\":\"Ihr zuverl\u00e4ssiger Systempartner\",\"publisher\":{\"@id\":\"https:\/\/imav-hydraulik.com\/de\/#organization\"},\"potentialAction\":[{\"@type\":\"SearchAction\",\"target\":{\"@type\":\"EntryPoint\",\"urlTemplate\":\"https:\/\/imav-hydraulik.com\/de\/?s={search_term_string}\"},\"query-input\":{\"@type\":\"PropertyValueSpecification\",\"valueRequired\":true,\"valueName\":\"search_term_string\"}}],\"inLanguage\":\"de\"},{\"@type\":\"Organization\",\"@id\":\"https:\/\/imav-hydraulik.com\/de\/#organization\",\"name\":\"Motrac\",\"url\":\"https:\/\/imav-hydraulik.com\/de\/\",\"logo\":{\"@type\":\"ImageObject\",\"inLanguage\":\"de\",\"@id\":\"https:\/\/imav-hydraulik.com\/de\/#\/schema\/logo\/image\/\",\"url\":\"https:\/\/imav-hydraulik.com\/wp-content\/uploads\/2023\/02\/motrac_logo_mobile.svg\",\"contentUrl\":\"https:\/\/imav-hydraulik.com\/wp-content\/uploads\/2023\/02\/motrac_logo_mobile.svg\",\"width\":1,\"height\":1,\"caption\":\"Motrac\"},\"image\":{\"@id\":\"https:\/\/imav-hydraulik.com\/de\/#\/schema\/logo\/image\/\"},\"sameAs\":[\"https:\/\/www.facebook.com\/MotracHydraulics\/\",\"https:\/\/x.com\/MotracIndustrie\"]}]}<\/script>\n<!-- \/ Yoast SEO plugin. -->","yoast_head_json":{"title":"HMR Regelmotoren von Linde | IMAV Hydraulik","description":"HMR Regelmotoren von Linde Hydraulics bei IMAV entdecken.","robots":{"index":"index","follow":"follow","max-snippet":"max-snippet:-1","max-image-preview":"max-image-preview:large","max-video-preview":"max-video-preview:-1"},"canonical":"https:\/\/imav-hydraulik.com\/de\/linde-hydraulik\/linde-motoren\/axialkolbenmotoren-hmr-02\/","og_locale":"de_DE","og_type":"article","og_title":"HMR Regelmotoren von Linde | IMAV Hydraulik","og_description":"HMR Regelmotoren von Linde Hydraulics bei IMAV entdecken.","og_url":"https:\/\/imav-hydraulik.com\/de\/linde-hydraulik\/linde-motoren\/axialkolbenmotoren-hmr-02\/","og_site_name":"Motrac","article_publisher":"https:\/\/www.facebook.com\/MotracHydraulics\/","article_modified_time":"2024-03-04T12:54:52+00:00","og_image":[{"width":1200,"height":630,"url":"https:\/\/imav-hydraulik.com\/wp-content\/uploads\/2023\/03\/og_motrac.jpg","type":"image\/jpeg"}],"twitter_card":"summary_large_image","twitter_site":"@MotracIndustrie","twitter_misc":{"Gesch\u00e4tzte Lesezeit":"3\u00a0Minuten"},"schema":{"@context":"https:\/\/schema.org","@graph":[{"@type":"WebPage","@id":"https:\/\/imav-hydraulik.com\/de\/linde-hydraulik\/linde-motoren\/axialkolbenmotoren-hmr-02\/","url":"https:\/\/imav-hydraulik.com\/de\/linde-hydraulik\/linde-motoren\/axialkolbenmotoren-hmr-02\/","name":"HMR Regelmotoren von Linde | IMAV Hydraulik","isPartOf":{"@id":"https:\/\/imav-hydraulik.com\/de\/#website"},"datePublished":"2023-08-02T13:08:01+00:00","dateModified":"2024-03-04T12:54:52+00:00","description":"HMR Regelmotoren von Linde Hydraulics bei IMAV entdecken.","breadcrumb":{"@id":"https:\/\/imav-hydraulik.com\/de\/linde-hydraulik\/linde-motoren\/axialkolbenmotoren-hmr-02\/#breadcrumb"},"inLanguage":"de","potentialAction":[{"@type":"ReadAction","target":["https:\/\/imav-hydraulik.com\/de\/linde-hydraulik\/linde-motoren\/axialkolbenmotoren-hmr-02\/"]}]},{"@type":"BreadcrumbList","@id":"https:\/\/imav-hydraulik.com\/de\/linde-hydraulik\/linde-motoren\/axialkolbenmotoren-hmr-02\/#breadcrumb","itemListElement":[{"@type":"ListItem","position":1,"name":"Home","item":"https:\/\/imav-hydraulik.com\/de\/"},{"@type":"ListItem","position":2,"name":"Linde Hydraulik","item":"https:\/\/imav-hydraulik.com\/de\/linde-hydraulik\/"},{"@type":"ListItem","position":3,"name":"Linde Motoren","item":"https:\/\/imav-hydraulik.com\/de\/linde-hydraulik\/linde-motoren\/"},{"@type":"ListItem","position":4,"name":"Axialkolbenmotoren HMR-02"}]},{"@type":"WebSite","@id":"https:\/\/imav-hydraulik.com\/de\/#website","url":"https:\/\/imav-hydraulik.com\/de\/","name":"Motrac","description":"Ihr zuverl\u00e4ssiger Systempartner","publisher":{"@id":"https:\/\/imav-hydraulik.com\/de\/#organization"},"potentialAction":[{"@type":"SearchAction","target":{"@type":"EntryPoint","urlTemplate":"https:\/\/imav-hydraulik.com\/de\/?s={search_term_string}"},"query-input":{"@type":"PropertyValueSpecification","valueRequired":true,"valueName":"search_term_string"}}],"inLanguage":"de"},{"@type":"Organization","@id":"https:\/\/imav-hydraulik.com\/de\/#organization","name":"Motrac","url":"https:\/\/imav-hydraulik.com\/de\/","logo":{"@type":"ImageObject","inLanguage":"de","@id":"https:\/\/imav-hydraulik.com\/de\/#\/schema\/logo\/image\/","url":"https:\/\/imav-hydraulik.com\/wp-content\/uploads\/2023\/02\/motrac_logo_mobile.svg","contentUrl":"https:\/\/imav-hydraulik.com\/wp-content\/uploads\/2023\/02\/motrac_logo_mobile.svg","width":1,"height":1,"caption":"Motrac"},"image":{"@id":"https:\/\/imav-hydraulik.com\/de\/#\/schema\/logo\/image\/"},"sameAs":["https:\/\/www.facebook.com\/MotracHydraulics\/","https:\/\/x.com\/MotracIndustrie"]}]}},"_links":{"self":[{"href":"https:\/\/imav-hydraulik.com\/de\/wp-json\/wp\/v2\/pages\/4245","targetHints":{"allow":["GET"]}}],"collection":[{"href":"https:\/\/imav-hydraulik.com\/de\/wp-json\/wp\/v2\/pages"}],"about":[{"href":"https:\/\/imav-hydraulik.com\/de\/wp-json\/wp\/v2\/types\/page"}],"author":[{"embeddable":true,"href":"https:\/\/imav-hydraulik.com\/de\/wp-json\/wp\/v2\/users\/3"}],"replies":[{"embeddable":true,"href":"https:\/\/imav-hydraulik.com\/de\/wp-json\/wp\/v2\/comments?post=4245"}],"version-history":[{"count":5,"href":"https:\/\/imav-hydraulik.com\/de\/wp-json\/wp\/v2\/pages\/4245\/revisions"}],"predecessor-version":[{"id":6463,"href":"https:\/\/imav-hydraulik.com\/de\/wp-json\/wp\/v2\/pages\/4245\/revisions\/6463"}],"up":[{"embeddable":true,"href":"https:\/\/imav-hydraulik.com\/de\/wp-json\/wp\/v2\/pages\/978"}],"wp:attachment":[{"href":"https:\/\/imav-hydraulik.com\/de\/wp-json\/wp\/v2\/media?parent=4245"}],"wp:term":[{"taxonomy":"wf_page_folders","embeddable":true,"href":"https:\/\/imav-hydraulik.com\/de\/wp-json\/wp\/v2\/wf_page_folders?post=4245"}],"curies":[{"name":"wp","href":"https:\/\/api.w.org\/{rel}","templated":true}]}}