{"id":3559,"date":"2023-07-17T13:52:39","date_gmt":"2023-07-17T11:52:39","guid":{"rendered":"http:\/\/imav-hydraulik.com\/?page_id=3559"},"modified":"2025-07-22T11:21:41","modified_gmt":"2025-07-22T09:21:41","slug":"einschraub-rv-typ-rv","status":"publish","type":"page","link":"https:\/\/imav-hydraulik.com\/de\/hydraulik-komponenten\/imav-einschraub-rueckschlagventile\/einschraub-rv-typ-rv\/","title":{"rendered":"IMAV Einschraub R\u00fcckschlagventil Typ RV"},"content":{"rendered":"[vc_row type=&#8220;in_container&#8220; full_screen_row_position=&#8220;middle&#8220; column_margin=&#8220;default&#8220; equal_height=&#8220;yes&#8220; content_placement=&#8220;middle&#8220; column_direction=&#8220;default&#8220; column_direction_tablet=&#8220;default&#8220; column_direction_phone=&#8220;default&#8220; scene_position=&#8220;center&#8220; top_padding=&#8220;0px&#8220; bottom_padding=&#8220;70px&#8220; top_padding_tablet=&#8220;60px&#8220; bottom_padding_tablet=&#8220;60px&#8220; top_padding_phone=&#8220;50px&#8220; bottom_padding_phone=&#8220;50px&#8220; text_color=&#8220;dark&#8220; text_align=&#8220;left&#8220; row_border_radius=&#8220;none&#8220; row_border_radius_applies=&#8220;bg&#8220; overflow=&#8220;visible&#8220; advanced_gradient_angle=&#8220;0&#8243; overlay_strength=&#8220;0.3&#8243; gradient_direction=&#8220;left_to_right&#8220; shape_divider_position=&#8220;bottom&#8220; bg_image_animation=&#8220;none&#8220; gradient_type=&#8220;default&#8220; shape_type=&#8220;&#8220;][vc_column column_padding=&#8220;no-extra-padding&#8220; column_padding_tablet=&#8220;inherit&#8220; column_padding_phone=&#8220;inherit&#8220; column_padding_position=&#8220;all&#8220; column_element_spacing=&#8220;default&#8220; background_color_opacity=&#8220;1&#8243; background_hover_color_opacity=&#8220;1&#8243; column_shadow=&#8220;none&#8220; column_border_radius=&#8220;none&#8220; column_link_target=&#8220;_self&#8220; column_position=&#8220;default&#8220; gradient_direction=&#8220;left_to_right&#8220; overlay_strength=&#8220;0.3&#8243; width=&#8220;1\/2&#8243; tablet_width_inherit=&#8220;default&#8220; tablet_text_alignment=&#8220;default&#8220; phone_text_alignment=&#8220;default&#8220; animation_type=&#8220;default&#8220; bg_image_animation=&#8220;none&#8220; border_type=&#8220;simple&#8220; column_border_width=&#8220;none&#8220; column_border_style=&#8220;solid&#8220;][vc_row_inner column_margin=&#8220;default&#8220; column_direction=&#8220;default&#8220; column_direction_tablet=&#8220;default&#8220; column_direction_phone=&#8220;default&#8220; right_padding_desktop=&#8220;10%&#8220; right_padding_tablet=&#8220;0%&#8220; right_padding_phone=&#8220;0%&#8220; text_align=&#8220;left&#8220; row_position=&#8220;default&#8220; row_position_tablet=&#8220;inherit&#8220; row_position_phone=&#8220;inherit&#8220; overflow=&#8220;visible&#8220; pointer_events=&#8220;all&#8220;][vc_column_inner column_padding=&#8220;no-extra-padding&#8220; column_padding_tablet=&#8220;inherit&#8220; column_padding_phone=&#8220;inherit&#8220; column_padding_position=&#8220;all&#8220; column_element_spacing=&#8220;default&#8220; background_color_opacity=&#8220;1&#8243; background_hover_color_opacity=&#8220;1&#8243; column_shadow=&#8220;none&#8220; column_border_radius=&#8220;none&#8220; column_link_target=&#8220;_self&#8220; gradient_direction=&#8220;left_to_right&#8220; overlay_strength=&#8220;0.3&#8243; width=&#8220;1\/1&#8243; tablet_width_inherit=&#8220;default&#8220; animation_type=&#8220;default&#8220; bg_image_animation=&#8220;none&#8220; border_type=&#8220;simple&#8220; column_border_width=&#8220;none&#8220; column_border_style=&#8220;solid&#8220;][image_with_animation image_url=&#8220;5285&#8243; image_size=&#8220;full&#8220; animation_type=&#8220;entrance&#8220; animation=&#8220;Fade In&#8220; hover_animation=&#8220;none&#8220; alignment=&#8220;&#8220; border_radius=&#8220;none&#8220; box_shadow=&#8220;none&#8220; image_loading=&#8220;default&#8220; max_width=&#8220;100%&#8220; max_width_mobile=&#8220;default&#8220;][\/vc_column_inner][\/vc_row_inner][\/vc_column][vc_column column_padding=&#8220;no-extra-padding&#8220; column_padding_tablet=&#8220;inherit&#8220; column_padding_phone=&#8220;inherit&#8220; column_padding_position=&#8220;all&#8220; column_element_spacing=&#8220;default&#8220; background_color_opacity=&#8220;1&#8243; background_hover_color_opacity=&#8220;1&#8243; column_shadow=&#8220;none&#8220; column_border_radius=&#8220;none&#8220; column_link_target=&#8220;_self&#8220; column_position=&#8220;default&#8220; gradient_direction=&#8220;left_to_right&#8220; overlay_strength=&#8220;0.3&#8243; width=&#8220;1\/2&#8243; tablet_width_inherit=&#8220;default&#8220; tablet_text_alignment=&#8220;default&#8220; phone_text_alignment=&#8220;default&#8220; animation_type=&#8220;default&#8220; bg_image_animation=&#8220;none&#8220; border_type=&#8220;simple&#8220; column_border_width=&#8220;none&#8220; column_border_style=&#8220;solid&#8220;]        \n        <div class=\"custom_title_leftAligned blue\">\n                        <div class=\"mainContent\"><h1>Einschraub-R\u00fcckschlagventile &#8211; Typ RV<\/h1>\n<p>IMAV Einschraub-R\u00fcckschlagventile der Serie RV sind im Standard in den<br \/>\nNenngr\u00f6\u00dfen 04 &#8211; 16 verf\u00fcgbar.<br \/>\nDie Ventile dichten, quasi leck\u00f6lfrei, in Einschraubrichtung ab.<br \/>\nMittels Feder wird die Ventilplatte auf den Ventilsitz gedr\u00fcckt.<br \/>\nHochwertige Werkstoffe sowie dauerfest ausgelegte Federn sichern eine lange dynamische Lebensdauer.<br \/>\nDie R\u00fcckschlagventile gibt es mit verschiedenen Gewindearten sowie unterschiedlichen Materialien.<\/p>\n<p><strong>Lassen Sie sich von uns beraten, gemeinsam finden wir die L\u00f6sung, die perfekt zu Ihnen passt.<\/strong><\/p>\n<\/div>\n        <\/div>\n\n        [nectar_btn size=&#8220;small&#8220; button_style=&#8220;regular&#8220; button_color_2=&#8220;Extra-Color-1&#8243; solid_text_color_override=&#8220;#0a0627&#8243; icon_family=&#8220;none&#8220; text=&#8220;Jetzt beraten lassen&#8220; margin_top=&#8220;20px&#8220; url=&#8220;#kontakt&#8220;][\/vc_column][\/vc_row][vc_row type=&#8220;in_container&#8220; full_screen_row_position=&#8220;middle&#8220; column_margin=&#8220;default&#8220; column_direction=&#8220;default&#8220; column_direction_tablet=&#8220;default&#8220; column_direction_phone=&#8220;default&#8220; scene_position=&#8220;center&#8220; bottom_padding=&#8220;100px&#8220; bottom_padding_tablet=&#8220;90px&#8220; bottom_padding_phone=&#8220;80px&#8220; text_color=&#8220;dark&#8220; text_align=&#8220;left&#8220; row_border_radius=&#8220;none&#8220; row_border_radius_applies=&#8220;bg&#8220; overflow=&#8220;visible&#8220; advanced_gradient_angle=&#8220;0&#8243; overlay_strength=&#8220;0.3&#8243; gradient_direction=&#8220;left_to_right&#8220; shape_divider_position=&#8220;bottom&#8220; bg_image_animation=&#8220;none&#8220; gradient_type=&#8220;default&#8220; shape_type=&#8220;&#8220;][vc_column column_padding=&#8220;no-extra-padding&#8220; column_padding_tablet=&#8220;inherit&#8220; column_padding_phone=&#8220;inherit&#8220; column_padding_position=&#8220;all&#8220; column_element_spacing=&#8220;default&#8220; background_color_opacity=&#8220;1&#8243; background_hover_color_opacity=&#8220;1&#8243; column_shadow=&#8220;none&#8220; column_border_radius=&#8220;none&#8220; column_link_target=&#8220;_self&#8220; column_position=&#8220;default&#8220; gradient_direction=&#8220;left_to_right&#8220; overlay_strength=&#8220;0.3&#8243; width=&#8220;1\/1&#8243; tablet_width_inherit=&#8220;default&#8220; tablet_text_alignment=&#8220;default&#8220; phone_text_alignment=&#8220;default&#8220; animation_type=&#8220;default&#8220; bg_image_animation=&#8220;none&#8220; border_type=&#8220;simple&#8220; column_border_width=&#8220;none&#8220; column_border_style=&#8220;solid&#8220;]        \n        <div class=\"custom_title_centered blue\">\n                        <div class=\"mainContent\"><h2 style=\"text-align: center;\">Unsere Produkte<\/h2>\n<\/div>\n        <\/div>\n\n        [vc_row_inner column_margin=&#8220;default&#8220; column_direction=&#8220;default&#8220; column_direction_tablet=&#8220;default&#8220; column_direction_phone=&#8220;default&#8220; top_padding=&#8220;50px&#8220; text_align=&#8220;left&#8220; row_position=&#8220;default&#8220; row_position_tablet=&#8220;inherit&#8220; row_position_phone=&#8220;inherit&#8220; overflow=&#8220;visible&#8220; pointer_events=&#8220;all&#8220;][vc_column_inner column_padding=&#8220;no-extra-padding&#8220; column_padding_tablet=&#8220;inherit&#8220; column_padding_phone=&#8220;inherit&#8220; column_padding_position=&#8220;all&#8220; column_element_spacing=&#8220;default&#8220; background_color_opacity=&#8220;1&#8243; background_hover_color_opacity=&#8220;1&#8243; column_shadow=&#8220;none&#8220; column_border_radius=&#8220;none&#8220; column_link_target=&#8220;_self&#8220; advanced_gradient_angle=&#8220;0&#8243; gradient_direction=&#8220;left_to_right&#8220; overlay_strength=&#8220;0.3&#8243; width=&#8220;1\/1&#8243; tablet_width_inherit=&#8220;default&#8220; animation_type=&#8220;default&#8220; bg_image_animation=&#8220;none&#8220; border_type=&#8220;simple&#8220; column_border_width=&#8220;none&#8220; column_border_style=&#8220;solid&#8220; gradient_type=&#8220;default&#8220; offset=&#8220;vc_col-lg-offset-1 vc_col-lg-10 vc_col-md-12 vc_col-sm-offset-0 vc_col-xs-12&#8243;]        \n        <div class=\"row_related_product\">\n            <div>\n                <span><img decoding=\"async\" src=\"https:\/\/imav-hydraulik.com\/wp-content\/uploads\/2023\/08\/1xxxxxx-RVE-Beispiel.jpg\" alt=\"Example\"><\/span>\n                <img decoding=\"async\" src=\"https:\/\/imav-hydraulik.com\/wp-content\/uploads\/2023\/07\/Symbol-RV-RKV.png\" alt=\"Example\">\n            <\/div>\n            <div>\n                <b class=\"produktTitle\">EINSCHRAUB-R\u00dcCKSCHLAGVENTILE Serie RVE<\/b>\n                <div><ul>\n<li>Gr\u00f6\u00dfe: 04 &#8211; 16<\/li>\n<li>Q(max) 360 l\/min<\/li>\n<li>Nenndruck: 350 bar<\/li>\n<\/ul>\n<p>IMAV R\u00fcckschlagventile in einschraubbarer Plattenausf\u00fchrung.<br \/>\nDie Ventile haben ein z\u00f6lliges Gewinde.<br \/>\nNeben dem Standard\u00f6ffnungsdruck (1,0 bzw. 2,0 bar) sind individuelle Einstellungen lieferbar.<br \/>\nVerf\u00fcgbar in NBR sowie Viton.<br \/>\nH\u00f6herer Druckbereich (p\/max) auf Anfrage.<\/p>\n<p><a href=\"https:\/\/imav-hydraulik.com\/wp-content\/uploads\/2023\/12\/IC-110-000-00-RVE-2.pdf\" target=\"_blank\" rel=\"noopener\">Datenblatt IC-110-000-00 herunterladen\u00a0<\/a><\/p>\n<\/div>\n            <\/div>\n        <\/div>\n\n                \n        <div class=\"row_related_product\">\n            <div>\n                <span><img decoding=\"async\" src=\"https:\/\/imav-hydraulik.com\/wp-content\/uploads\/2023\/08\/1xxxxxx-RVE-Beispiel.jpg\" alt=\"Example\"><\/span>\n                <img decoding=\"async\" src=\"https:\/\/imav-hydraulik.com\/wp-content\/uploads\/2023\/07\/Symbol-RV-RKV.png\" alt=\"Example\">\n            <\/div>\n            <div>\n                <b class=\"produktTitle\">EINSCHRAUB-R\u00dcCKSCHLAGVENTILE Serie RVU<\/b>\n                <div><ul>\n<li>Gr\u00f6\u00dfe: 04 &#8211; 16<\/li>\n<li>Q(max) 360 l\/min<\/li>\n<li>Nenndruck: 350 bar<\/li>\n<\/ul>\n<p>IMAV R\u00fcckschlagventile in einschraubbarer Plattenausf\u00fchrung.<br \/>\nDie Ventile haben ein UNF-Gewinde.<br \/>\nNeben dem Standard\u00f6ffnungsdruck (1,0 bzw. 2,0 bar) sind individuelle Einstellungen lieferbar.<br \/>\nVerf\u00fcgbar in NBR sowie Viton.<br \/>\nH\u00f6herer Druckbereich (p\/max) auf Anfrage.<\/p>\n<p><a href=\"https:\/\/imav-hydraulik.com\/wp-content\/uploads\/2023\/12\/IC-130-000-00-RVU-2.pdf\" target=\"_blank\" rel=\"noopener\">Datenblatt IC-130-000-00 herunterladen\u00a0<\/a><\/p>\n<\/div>\n            <\/div>\n        <\/div>\n\n                \n        <div class=\"row_related_product\">\n            <div>\n                <span><img decoding=\"async\" src=\"https:\/\/imav-hydraulik.com\/wp-content\/uploads\/2023\/08\/Kennlinie-RVE.png\" alt=\"Example\"><\/span>\n                <img decoding=\"async\" src=\"https:\/\/imav-hydraulik.com\/wp-content\/uploads\/2023\/08\/grauer-Hintergrund.png\" alt=\"Example\">\n            <\/div>\n            <div>\n                <b class=\"produktTitle\">KENNLINIE F\u00dcR IMAV R\u00dcCKSCHLAGVENTILE<\/b>\n                <div><p>Typ: RVE, NG 04 &#8211; 40<\/p>\n<p>Typ: RKVE, NG 04 &#8211; 40<\/p>\n<p>Typ: RVU, NG 04 &#8211; 40<\/p>\n<p>Typ: RKVU, NG 04 &#8211; 40<\/p>\n<p><a href=\"https:\/\/imav-hydraulik.com\/wp-content\/uploads\/2023\/12\/IC-010-000-00-Kennlinie-2.pdf\" target=\"_blank\" rel=\"noopener\">Datenblatt IC-010-000-00 herunterladen\u00a0<\/a><\/p>\n<\/div>\n            <\/div>\n        <\/div>\n\n                \n        <div class=\"row_related_product\">\n            <div>\n                <span><img decoding=\"async\" src=\"https:\/\/imav-hydraulik.com\/wp-content\/uploads\/2023\/06\/Montageschluessel-fuer-web.jpg\" alt=\"Example\"><\/span>\n                <img decoding=\"async\" src=\"https:\/\/imav-hydraulik.com\/wp-content\/uploads\/2023\/08\/grauer-Hintergrund.png\" alt=\"Example\">\n            <\/div>\n            <div>\n                <b class=\"produktTitle\">MONTAGE-HINWEISE<\/b>\n                <div><p>f\u00fcr IMAV-Einschraub-R\u00fcckschlagventile, Wechsel-Ventile und<br \/>\nhydraulisch entsperrbare R\u00fcckschlagventile<\/p>\n<p><a href=\"https:\/\/imav-hydraulik.com\/wp-content\/uploads\/2023\/12\/IC-090-000-00-Montage-Hinweise.pdf\" target=\"_blank\" rel=\"noopener\">Datenblatt IC-090-000-00 herunterladen\u00a0<\/a><\/p>\n<\/div>\n            <\/div>\n        <\/div>\n\n        [\/vc_column_inner][\/vc_row_inner][\/vc_column][\/vc_row][vc_row type=&#8220;in_container&#8220; full_screen_row_position=&#8220;middle&#8220; column_margin=&#8220;default&#8220; column_direction=&#8220;default&#8220; column_direction_tablet=&#8220;default&#8220; column_direction_phone=&#8220;default&#8220; scene_position=&#8220;center&#8220; text_color=&#8220;dark&#8220; text_align=&#8220;left&#8220; row_border_radius=&#8220;none&#8220; row_border_radius_applies=&#8220;bg&#8220; overflow=&#8220;visible&#8220; overlay_strength=&#8220;0.3&#8243; gradient_direction=&#8220;left_to_right&#8220; shape_divider_position=&#8220;bottom&#8220; bg_image_animation=&#8220;none&#8220;][vc_column column_padding=&#8220;no-extra-padding&#8220; column_padding_tablet=&#8220;inherit&#8220; column_padding_phone=&#8220;inherit&#8220; column_padding_position=&#8220;all&#8220; column_element_spacing=&#8220;default&#8220; background_color_opacity=&#8220;1&#8243; background_hover_color_opacity=&#8220;1&#8243; column_shadow=&#8220;none&#8220; column_border_radius=&#8220;none&#8220; column_link_target=&#8220;_self&#8220; column_position=&#8220;default&#8220; gradient_direction=&#8220;left_to_right&#8220; overlay_strength=&#8220;0.3&#8243; width=&#8220;1\/1&#8243; tablet_width_inherit=&#8220;default&#8220; tablet_text_alignment=&#8220;default&#8220; phone_text_alignment=&#8220;default&#8220; animation_type=&#8220;default&#8220; bg_image_animation=&#8220;none&#8220; border_type=&#8220;simple&#8220; column_border_width=&#8220;none&#8220; column_border_style=&#8220;solid&#8220;][nectar_global_section id=&#8220;444&#8243;][\/vc_column][\/vc_row]\n","protected":false},"excerpt":{"rendered":"<p>[vc_row type=&#8220;in_container&#8220; full_screen_row_position=&#8220;middle&#8220; column_margin=&#8220;default&#8220; equal_height=&#8220;yes&#8220; content_placement=&#8220;middle&#8220; column_direction=&#8220;default&#8220; column_direction_tablet=&#8220;default&#8220; column_direction_phone=&#8220;default&#8220; scene_position=&#8220;center&#8220; top_padding=&#8220;0px&#8220; bottom_padding=&#8220;70px&#8220; top_padding_tablet=&#8220;60px&#8220; bottom_padding_tablet=&#8220;60px&#8220; top_padding_phone=&#8220;50px&#8220; bottom_padding_phone=&#8220;50px&#8220; text_color=&#8220;dark&#8220; text_align=&#8220;left&#8220; row_border_radius=&#8220;none&#8220; row_border_radius_applies=&#8220;bg&#8220; overflow=&#8220;visible&#8220; advanced_gradient_angle=&#8220;0&#8243; overlay_strength=&#8220;0.3&#8243; gradient_direction=&#8220;left_to_right&#8220; shape_divider_position=&#8220;bottom&#8220; bg_image_animation=&#8220;none&#8220; gradient_type=&#8220;default&#8220; shape_type=&#8220;&#8220;][vc_column column_padding=&#8220;no-extra-padding&#8220; column_padding_tablet=&#8220;inherit&#8220;&#8230;<\/p>\n","protected":false},"author":2,"featured_media":0,"parent":962,"menu_order":0,"comment_status":"closed","ping_status":"closed","template":"","meta":{"_acf_changed":false,"footnotes":""},"wf_page_folders":[44],"class_list":["post-3559","page","type-page","status-publish"],"acf":[],"yoast_head":"<!-- This site is optimized with the Yoast SEO plugin v25.3.1 - https:\/\/yoast.com\/wordpress\/plugins\/seo\/ -->\n<title>IMAV Einschraub R\u00fcckschlagventil Typ RV - Motrac<\/title>\n<meta name=\"description\" content=\"Einschraubbare R\u00fcckschlagventile (Typ RV) mit UNF- oder Zollgewinde \u2013 hochwertige Materialien &amp; dauerfeste Federn. Jetzt Produkte entdecken! | IMAV Hydraulik\" \/>\n<meta name=\"robots\" content=\"index, follow, max-snippet:-1, max-image-preview:large, max-video-preview:-1\" \/>\n<link rel=\"canonical\" href=\"https:\/\/imav-hydraulik.com\/de\/hydraulik-komponenten\/imav-einschraub-rueckschlagventile\/einschraub-rv-typ-rv\/\" \/>\n<meta property=\"og:locale\" content=\"de_DE\" \/>\n<meta property=\"og:type\" content=\"article\" \/>\n<meta property=\"og:title\" content=\"IMAV Einschraub R\u00fcckschlagventil Typ RV - Motrac\" \/>\n<meta property=\"og:description\" content=\"Einschraubbare R\u00fcckschlagventile (Typ RV) mit UNF- oder Zollgewinde \u2013 hochwertige Materialien &amp; dauerfeste Federn. Jetzt Produkte entdecken! | IMAV Hydraulik\" \/>\n<meta property=\"og:url\" content=\"https:\/\/imav-hydraulik.com\/de\/hydraulik-komponenten\/imav-einschraub-rueckschlagventile\/einschraub-rv-typ-rv\/\" \/>\n<meta property=\"og:site_name\" content=\"Motrac\" \/>\n<meta property=\"article:publisher\" content=\"https:\/\/www.facebook.com\/MotracHydraulics\/\" \/>\n<meta property=\"article:modified_time\" content=\"2025-07-22T09:21:41+00:00\" \/>\n<meta property=\"og:image\" content=\"https:\/\/imav-hydraulik.com\/wp-content\/uploads\/2023\/03\/og_motrac.jpg\" \/>\n\t<meta property=\"og:image:width\" content=\"1200\" \/>\n\t<meta property=\"og:image:height\" content=\"630\" \/>\n\t<meta property=\"og:image:type\" content=\"image\/jpeg\" \/>\n<meta name=\"twitter:card\" content=\"summary_large_image\" \/>\n<meta name=\"twitter:site\" content=\"@MotracIndustrie\" \/>\n<meta name=\"twitter:label1\" content=\"Gesch\u00e4tzte Lesezeit\" \/>\n\t<meta name=\"twitter:data1\" content=\"5\u00a0Minuten\" \/>\n<script type=\"application\/ld+json\" class=\"yoast-schema-graph\">{\"@context\":\"https:\/\/schema.org\",\"@graph\":[{\"@type\":\"WebPage\",\"@id\":\"https:\/\/imav-hydraulik.com\/de\/hydraulik-komponenten\/imav-einschraub-rueckschlagventile\/einschraub-rv-typ-rv\/\",\"url\":\"https:\/\/imav-hydraulik.com\/de\/hydraulik-komponenten\/imav-einschraub-rueckschlagventile\/einschraub-rv-typ-rv\/\",\"name\":\"IMAV Einschraub R\u00fcckschlagventil Typ RV - Motrac\",\"isPartOf\":{\"@id\":\"https:\/\/imav-hydraulik.com\/de\/#website\"},\"datePublished\":\"2023-07-17T11:52:39+00:00\",\"dateModified\":\"2025-07-22T09:21:41+00:00\",\"description\":\"Einschraubbare R\u00fcckschlagventile (Typ RV) mit UNF- oder Zollgewinde \u2013 hochwertige Materialien & dauerfeste Federn. Jetzt Produkte entdecken! | IMAV Hydraulik\",\"breadcrumb\":{\"@id\":\"https:\/\/imav-hydraulik.com\/de\/hydraulik-komponenten\/imav-einschraub-rueckschlagventile\/einschraub-rv-typ-rv\/#breadcrumb\"},\"inLanguage\":\"de\",\"potentialAction\":[{\"@type\":\"ReadAction\",\"target\":[\"https:\/\/imav-hydraulik.com\/de\/hydraulik-komponenten\/imav-einschraub-rueckschlagventile\/einschraub-rv-typ-rv\/\"]}]},{\"@type\":\"BreadcrumbList\",\"@id\":\"https:\/\/imav-hydraulik.com\/de\/hydraulik-komponenten\/imav-einschraub-rueckschlagventile\/einschraub-rv-typ-rv\/#breadcrumb\",\"itemListElement\":[{\"@type\":\"ListItem\",\"position\":1,\"name\":\"Home\",\"item\":\"https:\/\/imav-hydraulik.com\/de\/\"},{\"@type\":\"ListItem\",\"position\":2,\"name\":\"Hydraulik-Komponenten\",\"item\":\"https:\/\/imav-hydraulik.com\/de\/hydraulik-komponenten\/\"},{\"@type\":\"ListItem\",\"position\":3,\"name\":\"IMAV-Einschraub R\u00fcckschlagventile\",\"item\":\"https:\/\/imav-hydraulik.com\/de\/hydraulik-komponenten\/imav-einschraub-rueckschlagventile\/\"},{\"@type\":\"ListItem\",\"position\":4,\"name\":\"IMAV Einschraub R\u00fcckschlagventil Typ RV\"}]},{\"@type\":\"WebSite\",\"@id\":\"https:\/\/imav-hydraulik.com\/de\/#website\",\"url\":\"https:\/\/imav-hydraulik.com\/de\/\",\"name\":\"Motrac\",\"description\":\"Ihr zuverl\u00e4ssiger Systempartner\",\"publisher\":{\"@id\":\"https:\/\/imav-hydraulik.com\/de\/#organization\"},\"potentialAction\":[{\"@type\":\"SearchAction\",\"target\":{\"@type\":\"EntryPoint\",\"urlTemplate\":\"https:\/\/imav-hydraulik.com\/de\/?s={search_term_string}\"},\"query-input\":{\"@type\":\"PropertyValueSpecification\",\"valueRequired\":true,\"valueName\":\"search_term_string\"}}],\"inLanguage\":\"de\"},{\"@type\":\"Organization\",\"@id\":\"https:\/\/imav-hydraulik.com\/de\/#organization\",\"name\":\"Motrac\",\"url\":\"https:\/\/imav-hydraulik.com\/de\/\",\"logo\":{\"@type\":\"ImageObject\",\"inLanguage\":\"de\",\"@id\":\"https:\/\/imav-hydraulik.com\/de\/#\/schema\/logo\/image\/\",\"url\":\"https:\/\/imav-hydraulik.com\/wp-content\/uploads\/2023\/02\/motrac_logo_mobile.svg\",\"contentUrl\":\"https:\/\/imav-hydraulik.com\/wp-content\/uploads\/2023\/02\/motrac_logo_mobile.svg\",\"width\":1,\"height\":1,\"caption\":\"Motrac\"},\"image\":{\"@id\":\"https:\/\/imav-hydraulik.com\/de\/#\/schema\/logo\/image\/\"},\"sameAs\":[\"https:\/\/www.facebook.com\/MotracHydraulics\/\",\"https:\/\/x.com\/MotracIndustrie\"]}]}<\/script>\n<!-- \/ Yoast SEO plugin. -->","yoast_head_json":{"title":"IMAV Einschraub R\u00fcckschlagventil Typ RV - Motrac","description":"Einschraubbare R\u00fcckschlagventile (Typ RV) mit UNF- oder Zollgewinde \u2013 hochwertige Materialien & dauerfeste Federn. Jetzt Produkte entdecken! | IMAV Hydraulik","robots":{"index":"index","follow":"follow","max-snippet":"max-snippet:-1","max-image-preview":"max-image-preview:large","max-video-preview":"max-video-preview:-1"},"canonical":"https:\/\/imav-hydraulik.com\/de\/hydraulik-komponenten\/imav-einschraub-rueckschlagventile\/einschraub-rv-typ-rv\/","og_locale":"de_DE","og_type":"article","og_title":"IMAV Einschraub R\u00fcckschlagventil Typ RV - Motrac","og_description":"Einschraubbare R\u00fcckschlagventile (Typ RV) mit UNF- oder Zollgewinde \u2013 hochwertige Materialien & dauerfeste Federn. Jetzt Produkte entdecken! | IMAV Hydraulik","og_url":"https:\/\/imav-hydraulik.com\/de\/hydraulik-komponenten\/imav-einschraub-rueckschlagventile\/einschraub-rv-typ-rv\/","og_site_name":"Motrac","article_publisher":"https:\/\/www.facebook.com\/MotracHydraulics\/","article_modified_time":"2025-07-22T09:21:41+00:00","og_image":[{"width":1200,"height":630,"url":"https:\/\/imav-hydraulik.com\/wp-content\/uploads\/2023\/03\/og_motrac.jpg","type":"image\/jpeg"}],"twitter_card":"summary_large_image","twitter_site":"@MotracIndustrie","twitter_misc":{"Gesch\u00e4tzte Lesezeit":"5\u00a0Minuten"},"schema":{"@context":"https:\/\/schema.org","@graph":[{"@type":"WebPage","@id":"https:\/\/imav-hydraulik.com\/de\/hydraulik-komponenten\/imav-einschraub-rueckschlagventile\/einschraub-rv-typ-rv\/","url":"https:\/\/imav-hydraulik.com\/de\/hydraulik-komponenten\/imav-einschraub-rueckschlagventile\/einschraub-rv-typ-rv\/","name":"IMAV Einschraub R\u00fcckschlagventil Typ RV - Motrac","isPartOf":{"@id":"https:\/\/imav-hydraulik.com\/de\/#website"},"datePublished":"2023-07-17T11:52:39+00:00","dateModified":"2025-07-22T09:21:41+00:00","description":"Einschraubbare R\u00fcckschlagventile (Typ RV) mit UNF- oder Zollgewinde \u2013 hochwertige Materialien & dauerfeste Federn. Jetzt Produkte entdecken! | IMAV Hydraulik","breadcrumb":{"@id":"https:\/\/imav-hydraulik.com\/de\/hydraulik-komponenten\/imav-einschraub-rueckschlagventile\/einschraub-rv-typ-rv\/#breadcrumb"},"inLanguage":"de","potentialAction":[{"@type":"ReadAction","target":["https:\/\/imav-hydraulik.com\/de\/hydraulik-komponenten\/imav-einschraub-rueckschlagventile\/einschraub-rv-typ-rv\/"]}]},{"@type":"BreadcrumbList","@id":"https:\/\/imav-hydraulik.com\/de\/hydraulik-komponenten\/imav-einschraub-rueckschlagventile\/einschraub-rv-typ-rv\/#breadcrumb","itemListElement":[{"@type":"ListItem","position":1,"name":"Home","item":"https:\/\/imav-hydraulik.com\/de\/"},{"@type":"ListItem","position":2,"name":"Hydraulik-Komponenten","item":"https:\/\/imav-hydraulik.com\/de\/hydraulik-komponenten\/"},{"@type":"ListItem","position":3,"name":"IMAV-Einschraub R\u00fcckschlagventile","item":"https:\/\/imav-hydraulik.com\/de\/hydraulik-komponenten\/imav-einschraub-rueckschlagventile\/"},{"@type":"ListItem","position":4,"name":"IMAV Einschraub R\u00fcckschlagventil Typ RV"}]},{"@type":"WebSite","@id":"https:\/\/imav-hydraulik.com\/de\/#website","url":"https:\/\/imav-hydraulik.com\/de\/","name":"Motrac","description":"Ihr zuverl\u00e4ssiger Systempartner","publisher":{"@id":"https:\/\/imav-hydraulik.com\/de\/#organization"},"potentialAction":[{"@type":"SearchAction","target":{"@type":"EntryPoint","urlTemplate":"https:\/\/imav-hydraulik.com\/de\/?s={search_term_string}"},"query-input":{"@type":"PropertyValueSpecification","valueRequired":true,"valueName":"search_term_string"}}],"inLanguage":"de"},{"@type":"Organization","@id":"https:\/\/imav-hydraulik.com\/de\/#organization","name":"Motrac","url":"https:\/\/imav-hydraulik.com\/de\/","logo":{"@type":"ImageObject","inLanguage":"de","@id":"https:\/\/imav-hydraulik.com\/de\/#\/schema\/logo\/image\/","url":"https:\/\/imav-hydraulik.com\/wp-content\/uploads\/2023\/02\/motrac_logo_mobile.svg","contentUrl":"https:\/\/imav-hydraulik.com\/wp-content\/uploads\/2023\/02\/motrac_logo_mobile.svg","width":1,"height":1,"caption":"Motrac"},"image":{"@id":"https:\/\/imav-hydraulik.com\/de\/#\/schema\/logo\/image\/"},"sameAs":["https:\/\/www.facebook.com\/MotracHydraulics\/","https:\/\/x.com\/MotracIndustrie"]}]}},"_links":{"self":[{"href":"https:\/\/imav-hydraulik.com\/de\/wp-json\/wp\/v2\/pages\/3559","targetHints":{"allow":["GET"]}}],"collection":[{"href":"https:\/\/imav-hydraulik.com\/de\/wp-json\/wp\/v2\/pages"}],"about":[{"href":"https:\/\/imav-hydraulik.com\/de\/wp-json\/wp\/v2\/types\/page"}],"author":[{"embeddable":true,"href":"https:\/\/imav-hydraulik.com\/de\/wp-json\/wp\/v2\/users\/2"}],"replies":[{"embeddable":true,"href":"https:\/\/imav-hydraulik.com\/de\/wp-json\/wp\/v2\/comments?post=3559"}],"version-history":[{"count":31,"href":"https:\/\/imav-hydraulik.com\/de\/wp-json\/wp\/v2\/pages\/3559\/revisions"}],"predecessor-version":[{"id":9770,"href":"https:\/\/imav-hydraulik.com\/de\/wp-json\/wp\/v2\/pages\/3559\/revisions\/9770"}],"up":[{"embeddable":true,"href":"https:\/\/imav-hydraulik.com\/de\/wp-json\/wp\/v2\/pages\/962"}],"wp:attachment":[{"href":"https:\/\/imav-hydraulik.com\/de\/wp-json\/wp\/v2\/media?parent=3559"}],"wp:term":[{"taxonomy":"wf_page_folders","embeddable":true,"href":"https:\/\/imav-hydraulik.com\/de\/wp-json\/wp\/v2\/wf_page_folders?post=3559"}],"curies":[{"name":"wp","href":"https:\/\/api.w.org\/{rel}","templated":true}]}}